{"id":97,"date":"2017-04-05T09:22:09","date_gmt":"2017-04-05T09:22:09","guid":{"rendered":"http:\/\/hp.powees.de\/?page_id=97"},"modified":"2022-02-18T20:39:34","modified_gmt":"2022-02-18T20:39:34","slug":"blackthorn-mick","status":"publish","type":"page","link":"http:\/\/hp.powees.de\/?page_id=97","title":{"rendered":"Mick"},"content":{"rendered":"<p>\n<table id=\"tablepress-6\" class=\"tablepress tablepress-id-6 tbody-has-connected-cells\">\n<tbody>\n<tr class=\"row-1\">\n\t<td class=\"column-1\">Blackthorn Merga *Mick*<\/td><td class=\"column-2\"><\/td><td class=\"column-3\"><\/td>\n<\/tr>\n<tr class=\"row-2\">\n\t<td colspan=\"2\" class=\"column-1\">tauglich f\u00fcr die spezielle jagdl. Leistungszucht<\/td><td class=\"column-3\"><\/td>\n<\/tr>\n<tr class=\"row-3\">\n\t<td colspan=\"2\" class=\"column-1\"><strong>Frozen semen available<\/strong><\/td><td class=\"column-3\"><\/td>\n<\/tr>\n<tr class=\"row-4\">\n\t<td colspan=\"2\" class=\"column-1\">* 06.05.2012<\/td><td rowspan=\"5\" class=\"column-3\"><img loading=\"lazy\" decoding=\"async\" src=\"http:\/\/hp.powees.de\/wp-content\/uploads\/2017\/04\/14641904_1180391245373997_1453691212643246030_n-300x200.jpg\" alt=\"\" width=\"300\" height=\"200\" class=\"alignnone size-medium wp-image-114\" srcset=\"http:\/\/hp.powees.de\/wp-content\/uploads\/2017\/04\/14641904_1180391245373997_1453691212643246030_n-300x200.jpg 300w, http:\/\/hp.powees.de\/wp-content\/uploads\/2017\/04\/14641904_1180391245373997_1453691212643246030_n-768x512.jpg 768w, http:\/\/hp.powees.de\/wp-content\/uploads\/2017\/04\/14641904_1180391245373997_1453691212643246030_n.jpg 960w\" sizes=\"auto, (max-width: 300px) 100vw, 300px\" \/><\/td>\n<\/tr>\n<tr class=\"row-5\">\n\t<td colspan=\"2\" class=\"column-1\">Mutter: Blackthorn Diadem<\/td>\n<\/tr>\n<tr class=\"row-6\">\n\t<td colspan=\"2\" class=\"column-1\">Vater: Blackthorn Hiram<\/td>\n<\/tr>\n<tr class=\"row-7\">\n\t<td class=\"column-1\"><a href=\"http:\/\/bund.drc.de\/adr\/ahnen\/ahnen1.php?zbnr=1318071&amp;race=Labrador-Retriever\" target=\"_blank\" rel=\"noopener\">Ahnentafel<\/a><strong><\/td><td class=\"column-2\"><a href=\"https:\/\/drc.de\/adr\/listen\/show_druede.php?what=Hunde&amp;rvid=104065&amp;race=Labrador-Retriever\" rel=\"noopener\" target=\"_blank\">DRC Datenblatt<\/a><\/td>\n<\/tr>\n<tr class=\"row-8\">\n\t<td colspan=\"2\" class=\"column-1\"><a href=\"http:\/\/bund.drc.de\/adr\/listen\/nachkommen.php?zbnr=1318071&amp;what=Hunde&amp;race=Labrador-Retriever\" target=\"_blank\" rel=\"noopener\">Nachkommen<\/a><\/td>\n<\/tr>\n<tr class=\"row-9\">\n\t<td class=\"column-1\">HD<\/td><td class=\"column-2\">A2\/A2<\/td><td rowspan=\"10\" class=\"column-3\"><img loading=\"lazy\" decoding=\"async\" src=\"http:\/\/hp.powees.de\/wp-content\/uploads\/2017\/04\/14572898_1180391295373992_3748988949916148989_n.jpg\" alt=\"\" width=\"309\" height=\"206\" class=\"alignnone size-full wp-image-152\" srcset=\"http:\/\/hp.powees.de\/wp-content\/uploads\/2017\/04\/14572898_1180391295373992_3748988949916148989_n.jpg 309w, http:\/\/hp.powees.de\/wp-content\/uploads\/2017\/04\/14572898_1180391295373992_3748988949916148989_n-300x200.jpg 300w\" sizes=\"auto, (max-width: 309px) 100vw, 309px\" \/><\/td>\n<\/tr>\n<tr class=\"row-10\">\n\t<td class=\"column-1\">ED<\/td><td class=\"column-2\">0\/0<\/td>\n<\/tr>\n<tr class=\"row-11\">\n\t<td class=\"column-1\">OCD Schulter<\/td><td class=\"column-2\">frei<\/td>\n<\/tr>\n<tr class=\"row-12\">\n\t<td class=\"column-1\">prcd-PRA<\/td><td class=\"column-2\">frei<\/td>\n<\/tr>\n<tr class=\"row-13\">\n\t<td class=\"column-1\">CNM<\/td><td class=\"column-2\">frei<\/td>\n<\/tr>\n<tr class=\"row-14\">\n\t<td class=\"column-1\">EIC<\/td><td class=\"column-2\">frei<\/td>\n<\/tr>\n<tr class=\"row-15\">\n\t<td class=\"column-1\">SD2 <\/td><td class=\"column-2\">frei<\/td>\n<\/tr>\n<tr class=\"row-16\">\n\t<td class=\"column-1\">HNPK<\/td><td class=\"column-2\">frei<\/td>\n<\/tr>\n<tr class=\"row-17\">\n\t<td class=\"column-1\">STGD<\/td><td class=\"column-2\">frei<\/td>\n<\/tr>\n<tr class=\"row-18\">\n\t<td class=\"column-1\"><a href=\"http:\/\/hp.powees.de\/?page_id=4516\">Galerie<\/a><strong><\/td><td class=\"column-2\"><\/td>\n<\/tr>\n<\/tbody>\n<\/table>\n<!-- #tablepress-6 from cache --><br \/>\n<b>Pr\u00fcfungen:<\/b><\/p>\n<p>WT, APD A(LCD)<br \/>\nBLP, HP\/R, Prfg.m.leb.Ente(BLP), Dr. Heraeus-Ged\u00e4chtnis-Pr\u00fcfung<br \/>\nGC&#8217;16, GC&#8217;17 (2.Platz), GC&#8217;18 (2.Platz), GC\u00b419, Mock-Trial(O), div. Workingtests(O),<br \/>\nIWT 2017, IWT 2018, IWT 2019Field-Trial (O)<br \/>\nST. JOHN\u2018S Retrieverpr\u00fcfung<\/p>\n<div class=\"lyte-wrapper fourthree\" style=\"width:420px;max-width:100%;margin:5px;\"><div class=\"lyMe\" id=\"WYL_L237NdVF7DY\"><div id=\"lyte_L237NdVF7DY\" data-src=\"\/\/i.ytimg.com\/vi\/L237NdVF7DY\/hqdefault.jpg\" class=\"pL\"><div class=\"tC\"><div class=\"tT\"><\/div><\/div><div class=\"play\"><\/div><div class=\"ctrl\"><div class=\"Lctrl\"><\/div><div class=\"Rctrl\"><\/div><\/div><\/div><noscript><a href=\"http:\/\/youtu.be\/L237NdVF7DY\" rel=\"nofollow\"><img loading=\"lazy\" decoding=\"async\" src=\"http:\/\/i.ytimg.com\/vi\/L237NdVF7DY\/0.jpg\" alt=\"YouTube-Video-Vorschaubild\" width=\"420\" height=\"295\" \/><br \/>Dieses Video auf YouTube ansehen<\/a><\/noscript><\/div><\/div><div class=\"lL\" style=\"max-width:100%;width:420px;margin:5px;\"><\/div><\/p>\n<p><b>Formwert: V<\/b><\/p>\n<p>Vorz\u00fcgliche Gr\u00f6\u00dfe, maskuliner Kopf,<br \/>\nsehr ausdrucksvoll, mittelbraune Augen,<br \/>\nvorz\u00fcglich getragener Behang, korrekter Stop,<br \/>\nviel Pigment, vorz\u00fcglich gebaut,<br \/>\nkorrekte Linien u. Winkelungen,<br \/>\nbewegt sich gut.<\/p>\n<p>Richter:<br \/>\nAssenmacher-Feyel<\/p>\n<hr \/>\n<p><b>Wesenstest:<\/b><\/p>\n<p>Der 3 Jahre alte R\u00fcde bewegt sich \u00fcberwiegend gleichm\u00e4\u00dfig und entfernt sich dabei auf mittlere Distanz zu seiner F\u00fchrerin, zu der er eine gute Beziehung hat. Dabei untersucht er mit gro\u00dfer Ausdauer viele Spuren, interessiert sich dabei aber auch f\u00fcr andere Umweltreize. Ebenso ausdauernd tr\u00e4gt und bringt er verschiedene Gegenst\u00e4nde seiner F\u00fchrerin. Er ordnet sich bereitwillig unter und l\u00e4sst sich sofort von ihr auf die Seite legen. Von der Richterin \u00fcbernommen, reagiert er freundlich spielerisch und dann spielerisch widerstrebend. Er n\u00e4hert sich Menschen zum Teil spontan und l\u00e4sst sich von diesen auch anfassen und spielt mit ihnen. Bei der Kreisprobe ist er sehr aufgeregt, springt an den Menschen hoch, beruhigt sich aber und dr\u00e4ngt zur F\u00fchrerin. Optischen und akustischen Reizen n\u00e4hert er sich spontan, sie interessieren ihn nur teilweise. Er ist schussfest.<\/p>\n<p>Bemerkungen:<br \/>\n<b>Ein freundlicher, aufmerksamer Hund mit ausgepr\u00e4gtem Beute- und Sp\u00fcrverhalten.<\/b><\/p>\n<p>Richter: van Schewick<b><br \/>\n<\/b><\/p>\n<hr \/>\n<p><a href=\"http:\/\/hp.powees.de\/wp-content\/uploads\/2021\/01\/AO1I8502.jpg\"><img loading=\"lazy\" decoding=\"async\" class=\"alignnone size-large wp-image-4007\" src=\"http:\/\/hp.powees.de\/wp-content\/uploads\/2021\/01\/AO1I8502-1024x683.jpg\" alt=\"\" width=\"760\" height=\"507\" srcset=\"http:\/\/hp.powees.de\/wp-content\/uploads\/2021\/01\/AO1I8502-1024x683.jpg 1024w, http:\/\/hp.powees.de\/wp-content\/uploads\/2021\/01\/AO1I8502-300x200.jpg 300w, http:\/\/hp.powees.de\/wp-content\/uploads\/2021\/01\/AO1I8502-768x512.jpg 768w, http:\/\/hp.powees.de\/wp-content\/uploads\/2021\/01\/AO1I8502-940x627.jpg 940w, http:\/\/hp.powees.de\/wp-content\/uploads\/2021\/01\/AO1I8502-600x400.jpg 600w, http:\/\/hp.powees.de\/wp-content\/uploads\/2021\/01\/AO1I8502.jpg 1500w\" sizes=\"auto, (max-width: 760px) 100vw, 760px\" \/><\/a><b><\/b><\/p>\n<p><img loading=\"lazy\" decoding=\"async\" class=\"alignnone size-large wp-image-1643\" src=\"http:\/\/hp.powees.de\/wp-content\/uploads\/2018\/06\/IMG_9316-1024x683.jpg\" alt=\"\" width=\"760\" height=\"507\" srcset=\"http:\/\/hp.powees.de\/wp-content\/uploads\/2018\/06\/IMG_9316-1024x683.jpg 1024w, http:\/\/hp.powees.de\/wp-content\/uploads\/2018\/06\/IMG_9316-300x200.jpg 300w, http:\/\/hp.powees.de\/wp-content\/uploads\/2018\/06\/IMG_9316-768x512.jpg 768w, http:\/\/hp.powees.de\/wp-content\/uploads\/2018\/06\/IMG_9316-940x627.jpg 940w, http:\/\/hp.powees.de\/wp-content\/uploads\/2018\/06\/IMG_9316-600x400.jpg 600w\" sizes=\"auto, (max-width: 760px) 100vw, 760px\" \/><\/p>\n<hr \/>\n<p><b><a href=\"http:\/\/hp.powees.de\/wp-content\/uploads\/2020\/04\/46489653_2001514279928352_97261669016666112_n.jpg\"><img loading=\"lazy\" decoding=\"async\" class=\"alignleft wp-image-3146\" src=\"http:\/\/hp.powees.de\/wp-content\/uploads\/2020\/04\/46489653_2001514279928352_97261669016666112_n.jpg\" alt=\"\" width=\"307\" height=\"460\" srcset=\"http:\/\/hp.powees.de\/wp-content\/uploads\/2020\/04\/46489653_2001514279928352_97261669016666112_n.jpg 640w, http:\/\/hp.powees.de\/wp-content\/uploads\/2020\/04\/46489653_2001514279928352_97261669016666112_n-200x300.jpg 200w, http:\/\/hp.powees.de\/wp-content\/uploads\/2020\/04\/46489653_2001514279928352_97261669016666112_n-267x400.jpg 267w\" sizes=\"auto, (max-width: 307px) 100vw, 307px\" \/><\/a><br \/>\n<\/b><a href=\"http:\/\/hp.powees.de\/wp-content\/uploads\/2020\/04\/IMG_8737-scaled.jpg\"><img loading=\"lazy\" decoding=\"async\" class=\"wp-image-3143 size-large\" src=\"http:\/\/hp.powees.de\/wp-content\/uploads\/2020\/04\/IMG_8737-1024x683.jpg\" alt=\"\" width=\"760\" height=\"507\" srcset=\"http:\/\/hp.powees.de\/wp-content\/uploads\/2020\/04\/IMG_8737-1024x683.jpg 1024w, http:\/\/hp.powees.de\/wp-content\/uploads\/2020\/04\/IMG_8737-300x200.jpg 300w, http:\/\/hp.powees.de\/wp-content\/uploads\/2020\/04\/IMG_8737-768x512.jpg 768w, http:\/\/hp.powees.de\/wp-content\/uploads\/2020\/04\/IMG_8737-1536x1024.jpg 1536w, http:\/\/hp.powees.de\/wp-content\/uploads\/2020\/04\/IMG_8737-2048x1365.jpg 2048w, http:\/\/hp.powees.de\/wp-content\/uploads\/2020\/04\/IMG_8737-940x627.jpg 940w, http:\/\/hp.powees.de\/wp-content\/uploads\/2020\/04\/IMG_8737-600x400.jpg 600w\" sizes=\"auto, (max-width: 760px) 100vw, 760px\" \/><\/a><\/p>\n<p>Mick mit Tochter Eaden und den S\u00f6hnen Spot und Ace<a href=\"http:\/\/hp.powees.de\/wp-content\/uploads\/2020\/11\/IMG_8572-scaled.jpg\"><img loading=\"lazy\" decoding=\"async\" class=\"alignnone size-large wp-image-3630\" src=\"http:\/\/hp.powees.de\/wp-content\/uploads\/2020\/11\/IMG_8572-1024x664.jpg\" alt=\"\" width=\"760\" height=\"493\" srcset=\"http:\/\/hp.powees.de\/wp-content\/uploads\/2020\/11\/IMG_8572-1024x664.jpg 1024w, http:\/\/hp.powees.de\/wp-content\/uploads\/2020\/11\/IMG_8572-300x194.jpg 300w, http:\/\/hp.powees.de\/wp-content\/uploads\/2020\/11\/IMG_8572-768x498.jpg 768w, http:\/\/hp.powees.de\/wp-content\/uploads\/2020\/11\/IMG_8572-2048x1327.jpg 2048w, http:\/\/hp.powees.de\/wp-content\/uploads\/2020\/11\/IMG_8572-940x609.jpg 940w, http:\/\/hp.powees.de\/wp-content\/uploads\/2020\/11\/IMG_8572-617x400.jpg 617w\" sizes=\"auto, (max-width: 760px) 100vw, 760px\" \/><\/a><\/p>\n<p>Mick mit Sohn Spot im Herbst 2020<\/p>\n","protected":false},"excerpt":{"rendered":"<p>Pr\u00fcfungen: WT, APD A(LCD) BLP, HP\/R, Prfg.m.leb.Ente(BLP), Dr. Heraeus-Ged\u00e4chtnis-Pr\u00fcfung GC&#8217;16, GC&#8217;17 (2.Platz), GC&#8217;18 (2.Platz), GC\u00b419, Mock-Trial(O), div. Workingtests(O), IWT 2017, IWT 2018, IWT 2019Field-Trial (O) ST. JOHN\u2018S Retrieverpr\u00fcfung Formwert: V Vorz\u00fcgliche Gr\u00f6\u00dfe, maskuliner Kopf, sehr&hellip;<\/p>\n<p class=\"more-link-wrapper\"><a href=\"http:\/\/hp.powees.de\/?page_id=97\" class=\"more-link\">Continue Reading<span class=\"screen-reader-text\"> &#8222;Mick&#8220;<\/span><\/a><\/p>\n","protected":false},"author":1,"featured_media":0,"parent":0,"menu_order":1,"comment_status":"closed","ping_status":"closed","template":"","meta":{"_uag_custom_page_level_css":"","footnotes":""},"class_list":["post-97","page","type-page","status-publish","hentry"],"uagb_featured_image_src":{"full":false,"thumbnail":false,"medium":false,"medium_large":false,"large":false,"1536x1536":false,"2048x2048":false,"openness-recent":false},"uagb_author_info":{"display_name":"73234888","author_link":"http:\/\/hp.powees.de\/?author=1"},"uagb_comment_info":0,"uagb_excerpt":"Pr\u00fcfungen: WT, APD A(LCD) BLP, HP\/R, Prfg.m.leb.Ente(BLP), Dr. Heraeus-Ged\u00e4chtnis-Pr\u00fcfung GC&#8217;16, GC&#8217;17 (2.Platz), GC&#8217;18 (2.Platz), GC\u00b419, Mock-Trial(O), div. Workingtests(O), IWT 2017, IWT 2018, IWT 2019Field-Trial (O) ST. JOHN\u2018S Retrieverpr\u00fcfung Formwert: V Vorz\u00fcgliche Gr\u00f6\u00dfe, maskuliner Kopf, sehr&hellip;Continue Reading \"Mick\"","_links":{"self":[{"href":"http:\/\/hp.powees.de\/index.php?rest_route=\/wp\/v2\/pages\/97","targetHints":{"allow":["GET"]}}],"collection":[{"href":"http:\/\/hp.powees.de\/index.php?rest_route=\/wp\/v2\/pages"}],"about":[{"href":"http:\/\/hp.powees.de\/index.php?rest_route=\/wp\/v2\/types\/page"}],"author":[{"embeddable":true,"href":"http:\/\/hp.powees.de\/index.php?rest_route=\/wp\/v2\/users\/1"}],"replies":[{"embeddable":true,"href":"http:\/\/hp.powees.de\/index.php?rest_route=%2Fwp%2Fv2%2Fcomments&post=97"}],"version-history":[{"count":42,"href":"http:\/\/hp.powees.de\/index.php?rest_route=\/wp\/v2\/pages\/97\/revisions"}],"predecessor-version":[{"id":5238,"href":"http:\/\/hp.powees.de\/index.php?rest_route=\/wp\/v2\/pages\/97\/revisions\/5238"}],"wp:attachment":[{"href":"http:\/\/hp.powees.de\/index.php?rest_route=%2Fwp%2Fv2%2Fmedia&parent=97"}],"curies":[{"name":"wp","href":"https:\/\/api.w.org\/{rel}","templated":true}]}}