{"id":6632,"date":"2026-02-13T18:25:24","date_gmt":"2026-02-13T18:25:24","guid":{"rendered":"http:\/\/hp.powees.de\/?page_id=6632"},"modified":"2026-02-18T09:24:20","modified_gmt":"2026-02-18T09:24:20","slug":"ike","status":"publish","type":"page","link":"http:\/\/hp.powees.de\/?page_id=6632","title":{"rendered":"Ike"},"content":{"rendered":"\n<table id=\"tablepress-53\" class=\"tablepress tablepress-id-53 tbody-has-connected-cells\">\n<tbody>\n<tr class=\"row-1\">\n\t<td colspan=\"2\" class=\"column-1\">Powee's Ike<\/td><td class=\"column-3\"><\/td>\n<\/tr>\n<tr class=\"row-2\">\n\t<td colspan=\"2\" class=\"column-1\">* 07.09.2023<\/td><td rowspan=\"3\" class=\"column-3\"><a href=\"http:\/\/hp.powees.de\/wp-content\/uploads\/2025\/11\/574057670_25007716248881496_8339048585508368620_n-e1771007853508.jpg\"><img loading=\"lazy\" decoding=\"async\" src=\"http:\/\/hp.powees.de\/wp-content\/uploads\/2025\/11\/574057670_25007716248881496_8339048585508368620_n-e1771007853508-292x300.jpg\" alt=\"\" width=\"292\" height=\"300\" class=\"alignnone size-medium wp-image-6526\" srcset=\"http:\/\/hp.powees.de\/wp-content\/uploads\/2025\/11\/574057670_25007716248881496_8339048585508368620_n-e1771007853508-292x300.jpg 292w, http:\/\/hp.powees.de\/wp-content\/uploads\/2025\/11\/574057670_25007716248881496_8339048585508368620_n-e1771007853508-998x1024.jpg 998w, http:\/\/hp.powees.de\/wp-content\/uploads\/2025\/11\/574057670_25007716248881496_8339048585508368620_n-e1771007853508-768x788.jpg 768w, http:\/\/hp.powees.de\/wp-content\/uploads\/2025\/11\/574057670_25007716248881496_8339048585508368620_n-e1771007853508.jpg 1330w\" sizes=\"auto, (max-width: 292px) 100vw, 292px\" \/><\/a><\/td>\n<\/tr>\n<tr class=\"row-3\">\n\t<td class=\"column-1\">Mutter: Blackthorn A Red Devil<\/td><td class=\"column-2\"><\/td>\n<\/tr>\n<tr class=\"row-4\">\n\t<td class=\"column-1\">Vater: Ffynongain Buzzard Of Wauniago<\/td><td class=\"column-2\"><\/td>\n<\/tr>\n<tr class=\"row-5\">\n\t<td class=\"column-1\"><a href=\"http:\/\/drc.de\/adr\/listen\/show_druede.php?what=Rueden&amp;rvid=176380&amp;race=Labrador-Retriever\" target=\"_blank\">DRC Datenblatt<\/a><\/td><td class=\"column-2\"><a href=\"http:\/\/db.drc.de\/adr\/ahnen\/ahnen1.php?zbnr=2328368&amp;race=Labrador-Retriever\" target=\"_blank\">Ahnentafel<\/a><\/td><td class=\"column-3\"><\/td>\n<\/tr>\n<tr class=\"row-6\">\n\t<td class=\"column-1\">HD<\/td><td class=\"column-2\">A1\/A1<\/td><td class=\"column-3\"><\/td>\n<\/tr>\n<tr class=\"row-7\">\n\t<td class=\"column-1\">ED<\/td><td class=\"column-2\">grenzfall\/grenzfall<\/td><td rowspan=\"2\" class=\"column-3\"><\/td>\n<\/tr>\n<tr class=\"row-8\">\n\t<td class=\"column-1\">prcd-PRA<\/td><td class=\"column-2\">Tr\u00e4ger<\/td>\n<\/tr>\n<tr class=\"row-9\">\n\t<td class=\"column-1\">CNM<\/td><td class=\"column-2\">frei<\/td><td class=\"column-3\"><\/td>\n<\/tr>\n<tr class=\"row-10\">\n\t<td class=\"column-1\">EIC<\/td><td class=\"column-2\">frei<\/td><td class=\"column-3\"><\/td>\n<\/tr>\n<tr class=\"row-11\">\n\t<td class=\"column-1\">SD2<\/td><td class=\"column-2\">frei <\/td><td class=\"column-3\"><\/td>\n<\/tr>\n<tr class=\"row-12\">\n\t<td class=\"column-1\">HNPK<\/td><td class=\"column-2\">frei<\/td><td class=\"column-3\"><\/td>\n<\/tr>\n<tr class=\"row-13\">\n\t<td class=\"column-1\">Stargardt<\/td><td class=\"column-2\">frei<\/td><td class=\"column-3\"><\/td>\n<\/tr>\n<\/tbody>\n<\/table>\n<!-- #tablepress-53 from cache -->\n<p><strong>Pr\u00fcfungen:<\/strong> WT, APD A, BLP, div.Workingtests(A)<\/p>\n<p><a href=\"http:\/\/hp.powees.de\/wp-content\/uploads\/2026\/02\/WhatsApp-Image-2026-02-14-at-12.22.18.jpeg\"><img loading=\"lazy\" decoding=\"async\" class=\"alignnone wp-image-6670\" src=\"http:\/\/hp.powees.de\/wp-content\/uploads\/2026\/02\/WhatsApp-Image-2026-02-14-at-12.22.18-1024x682.jpeg\" alt=\"\" width=\"600\" height=\"400\" srcset=\"http:\/\/hp.powees.de\/wp-content\/uploads\/2026\/02\/WhatsApp-Image-2026-02-14-at-12.22.18-1024x682.jpeg 1024w, http:\/\/hp.powees.de\/wp-content\/uploads\/2026\/02\/WhatsApp-Image-2026-02-14-at-12.22.18-300x200.jpeg 300w, http:\/\/hp.powees.de\/wp-content\/uploads\/2026\/02\/WhatsApp-Image-2026-02-14-at-12.22.18-768x512.jpeg 768w, http:\/\/hp.powees.de\/wp-content\/uploads\/2026\/02\/WhatsApp-Image-2026-02-14-at-12.22.18-1536x1023.jpeg 1536w, http:\/\/hp.powees.de\/wp-content\/uploads\/2026\/02\/WhatsApp-Image-2026-02-14-at-12.22.18.jpeg 1600w\" sizes=\"auto, (max-width: 600px) 100vw, 600px\" \/><\/a><\/p>\n<p><strong>Wesenstest:<\/strong> Der 22 Monate alte R\u00fcde bewegt sich mit hoher Aktivit\u00e4t durch den gesamten Test, der gesamte Beutekomplex, insbesondere die Suche wird hoch motiviert gezeigt, imn Parcours ist er zum Teil an den Reizen interessiert.<\/p>\n<p><a href=\"http:\/\/hp.powees.de\/wp-content\/uploads\/2026\/02\/WhatsApp-Image-2026-02-14-at-12.22.31.jpeg\"><img loading=\"lazy\" decoding=\"async\" class=\"alignnone wp-image-6671\" src=\"http:\/\/hp.powees.de\/wp-content\/uploads\/2026\/02\/WhatsApp-Image-2026-02-14-at-12.22.31-682x1024.jpeg\" alt=\"\" width=\"533\" height=\"800\" srcset=\"http:\/\/hp.powees.de\/wp-content\/uploads\/2026\/02\/WhatsApp-Image-2026-02-14-at-12.22.31-682x1024.jpeg 682w, http:\/\/hp.powees.de\/wp-content\/uploads\/2026\/02\/WhatsApp-Image-2026-02-14-at-12.22.31-200x300.jpeg 200w, http:\/\/hp.powees.de\/wp-content\/uploads\/2026\/02\/WhatsApp-Image-2026-02-14-at-12.22.31-768x1153.jpeg 768w, http:\/\/hp.powees.de\/wp-content\/uploads\/2026\/02\/WhatsApp-Image-2026-02-14-at-12.22.31-1023x1536.jpeg 1023w, http:\/\/hp.powees.de\/wp-content\/uploads\/2026\/02\/WhatsApp-Image-2026-02-14-at-12.22.31.jpeg 1066w\" sizes=\"auto, (max-width: 533px) 100vw, 533px\" \/><\/a><\/p>\n<p><strong>Formwert: vorz\u00fcglich<br \/>\n<\/strong>Ideale Gr\u00f6\u00dfe, maskuliner Kopf, braune Augen, vorz\u00fcglicher Behang, typische Ausstrahlung, vorz\u00fcgliches Geb\u00e4ude in allen Teilen, raumgreifende Bewegung.<\/p>\n<p><a href=\"http:\/\/hp.powees.de\/wp-content\/uploads\/2026\/02\/WhatsApp-Image-2026-02-14-at-12.21.36.jpeg\"><img loading=\"lazy\" decoding=\"async\" class=\"alignnone wp-image-6668\" src=\"http:\/\/hp.powees.de\/wp-content\/uploads\/2026\/02\/WhatsApp-Image-2026-02-14-at-12.21.36-682x1024.jpeg\" alt=\"\" width=\"533\" height=\"800\" srcset=\"http:\/\/hp.powees.de\/wp-content\/uploads\/2026\/02\/WhatsApp-Image-2026-02-14-at-12.21.36-682x1024.jpeg 682w, http:\/\/hp.powees.de\/wp-content\/uploads\/2026\/02\/WhatsApp-Image-2026-02-14-at-12.21.36-200x300.jpeg 200w, http:\/\/hp.powees.de\/wp-content\/uploads\/2026\/02\/WhatsApp-Image-2026-02-14-at-12.21.36-768x1153.jpeg 768w, http:\/\/hp.powees.de\/wp-content\/uploads\/2026\/02\/WhatsApp-Image-2026-02-14-at-12.21.36-1023x1536.jpeg 1023w, http:\/\/hp.powees.de\/wp-content\/uploads\/2026\/02\/WhatsApp-Image-2026-02-14-at-12.21.36.jpeg 1066w\" sizes=\"auto, (max-width: 533px) 100vw, 533px\" \/><\/a><\/p>\n<p><a href=\"http:\/\/hp.powees.de\/wp-content\/uploads\/2026\/02\/0C6A2900-scaled.jpg\"><img loading=\"lazy\" decoding=\"async\" class=\"alignnone wp-image-6647\" src=\"http:\/\/hp.powees.de\/wp-content\/uploads\/2026\/02\/0C6A2900-1024x638.jpg\" alt=\"\" width=\"600\" height=\"374\" srcset=\"http:\/\/hp.powees.de\/wp-content\/uploads\/2026\/02\/0C6A2900-1024x638.jpg 1024w, http:\/\/hp.powees.de\/wp-content\/uploads\/2026\/02\/0C6A2900-300x187.jpg 300w, http:\/\/hp.powees.de\/wp-content\/uploads\/2026\/02\/0C6A2900-768x479.jpg 768w, http:\/\/hp.powees.de\/wp-content\/uploads\/2026\/02\/0C6A2900-1536x958.jpg 1536w, http:\/\/hp.powees.de\/wp-content\/uploads\/2026\/02\/0C6A2900-2048x1277.jpg 2048w\" sizes=\"auto, (max-width: 600px) 100vw, 600px\" \/><\/a><\/p>\n<p><a href=\"http:\/\/hp.powees.de\/wp-content\/uploads\/2026\/02\/0C6A3402-scaled.jpg\"><img loading=\"lazy\" decoding=\"async\" class=\"alignnone wp-image-6650\" src=\"http:\/\/hp.powees.de\/wp-content\/uploads\/2026\/02\/0C6A3402-1024x610.jpg\" alt=\"\" width=\"600\" height=\"357\" srcset=\"http:\/\/hp.powees.de\/wp-content\/uploads\/2026\/02\/0C6A3402-1024x610.jpg 1024w, http:\/\/hp.powees.de\/wp-content\/uploads\/2026\/02\/0C6A3402-300x179.jpg 300w, http:\/\/hp.powees.de\/wp-content\/uploads\/2026\/02\/0C6A3402-768x457.jpg 768w, http:\/\/hp.powees.de\/wp-content\/uploads\/2026\/02\/0C6A3402-1536x914.jpg 1536w, http:\/\/hp.powees.de\/wp-content\/uploads\/2026\/02\/0C6A3402-2048x1219.jpg 2048w\" sizes=\"auto, (max-width: 600px) 100vw, 600px\" \/><\/a><br \/>\n<a href=\"http:\/\/hp.powees.de\/wp-content\/uploads\/2026\/02\/597238366_769772342286031_455681190493490055_n.jpg\"><img loading=\"lazy\" decoding=\"async\" class=\"alignnone wp-image-6653\" src=\"http:\/\/hp.powees.de\/wp-content\/uploads\/2026\/02\/597238366_769772342286031_455681190493490055_n-1024x693.jpg\" alt=\"\" width=\"600\" height=\"406\" srcset=\"http:\/\/hp.powees.de\/wp-content\/uploads\/2026\/02\/597238366_769772342286031_455681190493490055_n-1024x693.jpg 1024w, http:\/\/hp.powees.de\/wp-content\/uploads\/2026\/02\/597238366_769772342286031_455681190493490055_n-300x203.jpg 300w, http:\/\/hp.powees.de\/wp-content\/uploads\/2026\/02\/597238366_769772342286031_455681190493490055_n-768x519.jpg 768w, http:\/\/hp.powees.de\/wp-content\/uploads\/2026\/02\/597238366_769772342286031_455681190493490055_n-1536x1039.jpg 1536w, http:\/\/hp.powees.de\/wp-content\/uploads\/2026\/02\/597238366_769772342286031_455681190493490055_n.jpg 2048w\" sizes=\"auto, (max-width: 600px) 100vw, 600px\" \/><\/a><\/p>\n","protected":false},"excerpt":{"rendered":"<p>Pr\u00fcfungen: WT, APD A, BLP, div.Workingtests(A) Wesenstest: Der 22 Monate alte R\u00fcde bewegt sich mit hoher Aktivit\u00e4t durch den gesamten Test, der gesamte Beutekomplex, insbesondere die Suche wird hoch motiviert gezeigt, imn Parcours ist er&hellip;<\/p>\n<p class=\"more-link-wrapper\"><a href=\"http:\/\/hp.powees.de\/?page_id=6632\" class=\"more-link\">Continue Reading<span class=\"screen-reader-text\"> &#8222;Ike&#8220;<\/span><\/a><\/p>\n","protected":false},"author":1,"featured_media":0,"parent":0,"menu_order":0,"comment_status":"closed","ping_status":"closed","template":"","meta":{"_uag_custom_page_level_css":"","footnotes":""},"class_list":["post-6632","page","type-page","status-publish","hentry"],"uagb_featured_image_src":{"full":false,"thumbnail":false,"medium":false,"medium_large":false,"large":false,"1536x1536":false,"2048x2048":false,"openness-recent":false},"uagb_author_info":{"display_name":"73234888","author_link":"http:\/\/hp.powees.de\/?author=1"},"uagb_comment_info":0,"uagb_excerpt":"Pr\u00fcfungen: WT, APD A, BLP, div.Workingtests(A) Wesenstest: Der 22 Monate alte R\u00fcde bewegt sich mit hoher Aktivit\u00e4t durch den gesamten Test, der gesamte Beutekomplex, insbesondere die Suche wird hoch motiviert gezeigt, imn Parcours ist er&hellip;Continue Reading \"Ike\"","_links":{"self":[{"href":"http:\/\/hp.powees.de\/index.php?rest_route=\/wp\/v2\/pages\/6632","targetHints":{"allow":["GET"]}}],"collection":[{"href":"http:\/\/hp.powees.de\/index.php?rest_route=\/wp\/v2\/pages"}],"about":[{"href":"http:\/\/hp.powees.de\/index.php?rest_route=\/wp\/v2\/types\/page"}],"author":[{"embeddable":true,"href":"http:\/\/hp.powees.de\/index.php?rest_route=\/wp\/v2\/users\/1"}],"replies":[{"embeddable":true,"href":"http:\/\/hp.powees.de\/index.php?rest_route=%2Fwp%2Fv2%2Fcomments&post=6632"}],"version-history":[{"count":9,"href":"http:\/\/hp.powees.de\/index.php?rest_route=\/wp\/v2\/pages\/6632\/revisions"}],"predecessor-version":[{"id":6677,"href":"http:\/\/hp.powees.de\/index.php?rest_route=\/wp\/v2\/pages\/6632\/revisions\/6677"}],"wp:attachment":[{"href":"http:\/\/hp.powees.de\/index.php?rest_route=%2Fwp%2Fv2%2Fmedia&parent=6632"}],"curies":[{"name":"wp","href":"https:\/\/api.w.org\/{rel}","templated":true}]}}