{"id":65,"date":"2017-04-05T08:51:51","date_gmt":"2017-04-05T08:51:51","guid":{"rendered":"http:\/\/hp.powees.de\/?page_id=65"},"modified":"2022-01-04T14:51:58","modified_gmt":"2022-01-04T14:51:58","slug":"home","status":"publish","type":"page","link":"http:\/\/hp.powees.de\/?page_id=65","title":{"rendered":"News 2017"},"content":{"rendered":"<p><strong><br \/>\n<span id=\"fbPhotoSnowliftCaption\" class=\"fbPhotosPhotoCaption\" tabindex=\"0\" aria-live=\"polite\" data-ft=\"{&quot;tn&quot;:&quot;K&quot;}\"><span class=\"hasCaption\">Merry X-mas and all the best for 2018.<span class=\"_5mfr _47e3\"><img loading=\"lazy\" decoding=\"async\" class=\"img\" role=\"presentation\" src=\"https:\/\/static.xx.fbcdn.net\/images\/emoji.php\/v9\/f7\/1\/16\/1f384.png\" alt=\"\" width=\"16\" height=\"16\"><\/span><span class=\"_5mfr _47e3\"><img loading=\"lazy\" decoding=\"async\" class=\"img\" role=\"presentation\" src=\"https:\/\/static.xx.fbcdn.net\/images\/emoji.php\/v9\/f8c\/1\/16\/1f389.png\" alt=\"\" width=\"16\" height=\"16\"><\/span><span class=\"_5mfr _47e3\"><img loading=\"lazy\" decoding=\"async\" class=\"img\" role=\"presentation\" src=\"https:\/\/static.xx.fbcdn.net\/images\/emoji.php\/v9\/f19\/1\/16\/1f37e.png\" alt=\"\" width=\"16\" height=\"16\"><\/span><\/span><\/span><\/strong><\/p>\n<p>Wir w\u00fcnschen Euch sch\u00f6ne, entspannte Weihnachtstage und nur das Beste f\u00fcr das Neue Jahr 2018.<\/p>\n<p>&nbsp;<\/p>\n<div id='gallery-1' class='gallery galleryid-65 gallery-columns-3 gallery-size-thumbnail'><figure class='gallery-item'>\n\t\t\t<div class='gallery-icon landscape'>\n\t\t\t\t<a href='http:\/\/hp.powees.de\/?attachment_id=1522'><img loading=\"lazy\" decoding=\"async\" width=\"150\" height=\"150\" src=\"http:\/\/hp.powees.de\/wp-content\/uploads\/2017\/12\/25591650_1603159123097205_2538822429881794912_n-150x150.jpg\" class=\"attachment-thumbnail size-thumbnail\" alt=\"\" \/><\/a>\n\t\t\t<\/div><\/figure>\n\t\t<\/div>\n\n<p><strong>&nbsp;<\/strong><\/p>\n<hr>\n<p><strong>19. November 2017 ST. JOHN\u2018S Retrieverpr\u00fcfung in Gablingen<\/strong><\/p>\n<p>Blackthorn Onni \u201eSnatcher\u201c besteht mit sehr gut und dem 4. Platz<\/p>\n<div class=\"text_exposed_show\">\n<p>Gl\u00fccklich und zufrieden aus Bayern zur\u00fcck &#8211; ein gelungener Jahresabschluss.<br \/>\nDie St. John\u2019s in der Landesgruppe S\u00fcd ist immer wieder ein besonderes Erlebnis. Anspruchsvolles, abwechslungsreiches Gel\u00e4nde, eine perfekte Organisation und<br \/>\nSonderleitung und nat\u00fcrlich Top-Verpflegung .<br \/>\nDie von den Richtern sehr gut gestaltete Pr\u00fcfung mit Aufgaben aus der Line, nach dem Treiben und am Wasser hat Snatcher super gemeistert &#8211; sein einziges gut geht auf meine Kappe.<\/p>\n<p>Nochmals herzliche Gl\u00fcckw\u00fcnsche an alle weiteren Platzierten<br \/>\nJarka Svenka, Leni Niehof-Oellers und Petra Soons zum Sieg und ein herzliches Dankesch\u00f6n den Reviergebern, der Sonderleitung, den Helfern und dem Richterteam Anja M\u00f6ller, Rony Michiels und Adi Schwab.<\/p>\n<p>Es war ein rundum gelungener Tag mit Euch! <span class=\"_5mfr _47e3\"><img loading=\"lazy\" decoding=\"async\" class=\"img\" role=\"presentation\" src=\"https:\/\/www.facebook.com\/images\/emoji.php\/v9\/f51\/1\/16\/1f603.png\" alt=\"\" width=\"16\" height=\"16\"><\/span><\/p>\n<div id='gallery-2' class='gallery galleryid-65 gallery-columns-3 gallery-size-thumbnail'><figure class='gallery-item'>\n\t\t\t<div class='gallery-icon portrait'>\n\t\t\t\t<a href='http:\/\/hp.powees.de\/wp-content\/uploads\/2017\/11\/23621694_1573765352703249_5983060304449108729_n.jpg'><img loading=\"lazy\" decoding=\"async\" width=\"150\" height=\"150\" src=\"http:\/\/hp.powees.de\/wp-content\/uploads\/2017\/11\/23621694_1573765352703249_5983060304449108729_n-150x150.jpg\" class=\"attachment-thumbnail size-thumbnail\" alt=\"\" \/><\/a>\n\t\t\t<\/div><\/figure><figure class='gallery-item'>\n\t\t\t<div class='gallery-icon landscape'>\n\t\t\t\t<a href='http:\/\/hp.powees.de\/wp-content\/uploads\/2017\/11\/23722349_1573765349369916_1702780715633760012_n.jpg'><img loading=\"lazy\" decoding=\"async\" width=\"150\" height=\"150\" src=\"http:\/\/hp.powees.de\/wp-content\/uploads\/2017\/11\/23722349_1573765349369916_1702780715633760012_n-150x150.jpg\" class=\"attachment-thumbnail size-thumbnail\" alt=\"\" \/><\/a>\n\t\t\t<\/div><\/figure><figure class='gallery-item'>\n\t\t\t<div class='gallery-icon landscape'>\n\t\t\t\t<a href='http:\/\/hp.powees.de\/wp-content\/uploads\/2017\/11\/23737646_1573766366036481_2780021761135237003_o.jpg'><img loading=\"lazy\" decoding=\"async\" width=\"150\" height=\"150\" src=\"http:\/\/hp.powees.de\/wp-content\/uploads\/2017\/11\/23737646_1573766366036481_2780021761135237003_o-150x150.jpg\" class=\"attachment-thumbnail size-thumbnail\" alt=\"\" \/><\/a>\n\t\t\t<\/div><\/figure>\n\t\t<\/div>\n\n<\/div>\n<p><strong>&nbsp;<\/strong><\/p>\n<hr>\n<p><strong>05. November 2017 BLP in Porta Westfalica<\/strong><\/p>\n<p>Blackthorn Wega besteht mit mir am gestrigen Tag die BLP als \u201eSuchensieger\u201c.<br \/>\nWas f\u00fcr eine coole, s\u00fc\u00dfe Maus, die die Aufgaben mit einer Leichtigkeit so straight gemeistert hat.<\/p>\n<div class=\"text_exposed_show\">\n<p>Mein besonderer Dank geht an Nicole f\u00fcr den Hund,<br \/>\nan meine Super Mitstreiter f\u00fcr das sehr sch\u00f6ne Miteinander, die auch alle die BLP sehr gut bestanden haben,<br \/>\nan die Revierinhaber, ohne die eine solche Jagdpr\u00fcfung nicht mehr stattfinden k\u00f6nnte,<br \/>\nan die tolle Sonderleitung f\u00fcr die perfekte Orga und<br \/>\nan die Richter f\u00fcr das sehr faire Richten.<\/p>\n<p>Es war einfach ein rundum gelungener Tag mit Euch!<\/p>\n<div id='gallery-3' class='gallery galleryid-65 gallery-columns-3 gallery-size-thumbnail'><figure class='gallery-item'>\n\t\t\t<div class='gallery-icon landscape'>\n\t\t\t\t<a href='http:\/\/hp.powees.de\/?attachment_id=1280'><img loading=\"lazy\" decoding=\"async\" width=\"150\" height=\"150\" src=\"http:\/\/hp.powees.de\/wp-content\/uploads\/2017\/04\/23231399_1561670410579410_1531004350879848829_n-150x150.jpg\" class=\"attachment-thumbnail size-thumbnail\" alt=\"\" \/><\/a>\n\t\t\t<\/div><\/figure>\n\t\t<\/div>\n\n<p>&nbsp;<\/p>\n<\/div>\n<hr>\n<p><strong>14. &amp; 15. Oktober 2017 DR. HERAEUS-GED\u00c4CHTNIS-PR\u00dcFUNG in Meddersheim<\/strong><\/p>\n<p>Blackthorn Merga (Mick) mit sehr gut bestanden<\/p>\n<div class=\"text_exposed_show\">\n<p>Nach zwei sehr sch\u00f6nen Tagen bei sommerlichen Temperaturen in einem anspruchsvollen Gel\u00e4nde, einen Tag als Teilnehmer und einen Tag als Richter, bin ich immer wieder beeindruckt, welche Leistungen die Hunde bei einem Start dieser DRC Elite-Jagdpr\u00fcfung bringen m\u00fcssen.<br \/>\nDie startenden Hunde m\u00fcssen gut durchgearbeitet sein, um die gestellten Aufgaben \u00fcber den ganzen Tag meistern zu k\u00f6nnen &#8211; sie m\u00fcssen mit Passion und Ausdauer selbstst\u00e4ndig suchen k\u00f6nnen, aber auch in den jeweiligen Situationen lenkbar und f\u00fchrig sein.<br \/>\nLeider konnten an diesem Wochenende sieben Teams nicht bestehen, was sehr schade war.<br \/>\nMeine herzlichen Gl\u00fcckw\u00fcnsche nochmal an Norma Zvolsky und Claudia Jost zur hervorragend bestandenen HP\/R.<\/p>\n<p>Herzlichen Dank an alle, die zum Gelingen der HP\/R beigetragen haben &#8211; Teilnehmer, Richter, Reviergeberin, Sonderleitung und Helfer.<\/p>\n<\/div>\n<div id='gallery-4' class='gallery galleryid-65 gallery-columns-4 gallery-size-thumbnail'><figure class='gallery-item'>\n\t\t\t<div class='gallery-icon landscape'>\n\t\t\t\t<a href='http:\/\/hp.powees.de\/?attachment_id=1274'><img loading=\"lazy\" decoding=\"async\" width=\"150\" height=\"150\" src=\"http:\/\/hp.powees.de\/wp-content\/uploads\/2017\/04\/22491495_1544465775633207_3986635999281291838_n-150x150.jpg\" class=\"attachment-thumbnail size-thumbnail\" alt=\"\" \/><\/a>\n\t\t\t<\/div><\/figure><figure class='gallery-item'>\n\t\t\t<div class='gallery-icon landscape'>\n\t\t\t\t<a href='http:\/\/hp.powees.de\/?attachment_id=1277'><img loading=\"lazy\" decoding=\"async\" width=\"150\" height=\"150\" src=\"http:\/\/hp.powees.de\/wp-content\/uploads\/2017\/04\/22554936_1544465802299871_1044780440578766698_n-150x150.jpg\" class=\"attachment-thumbnail size-thumbnail\" alt=\"\" \/><\/a>\n\t\t\t<\/div><\/figure><figure class='gallery-item'>\n\t\t\t<div class='gallery-icon landscape'>\n\t\t\t\t<a href='http:\/\/hp.powees.de\/?attachment_id=1276'><img loading=\"lazy\" decoding=\"async\" width=\"150\" height=\"150\" src=\"http:\/\/hp.powees.de\/wp-content\/uploads\/2017\/04\/22528306_1544465758966542_1307206679349441580_n-150x150.jpg\" class=\"attachment-thumbnail size-thumbnail\" alt=\"\" \/><\/a>\n\t\t\t<\/div><\/figure><figure class='gallery-item'>\n\t\t\t<div class='gallery-icon landscape'>\n\t\t\t\t<a href='http:\/\/hp.powees.de\/?attachment_id=1275'><img loading=\"lazy\" decoding=\"async\" width=\"150\" height=\"150\" src=\"http:\/\/hp.powees.de\/wp-content\/uploads\/2017\/04\/22519350_1544465812299870_4570134986911194760_n-150x150.jpg\" class=\"attachment-thumbnail size-thumbnail\" alt=\"\" \/><\/a>\n\t\t\t<\/div><\/figure>\n\t\t<\/div>\n\n<hr>\n<p><strong>22. &amp; 23. Juli 2017 IWT in Finnland<br \/>\n<\/strong><\/p>\n<p>Wahnsinn &#8211; nach zwei traumhaften Tagen miteinander beim IWT in Finnland haben wir in einem atemberaubenden Gel\u00e4nde mit schwierigen Aufgaben den<br \/>\n9. Platz mit 458 Punkten belegt!!!<br \/>\nDie Tests waren eine gro\u00dfe Herausforderung f\u00fcr Mensch und Hund!! Wir sind sehr stolz auf das, was unsere Hunde \u00fcber die beiden Tage geleistet haben.<br \/>\nNochmals danke an meine beiden Teampartner, dass wir das &#8222;Abenteuer&#8220; Finnland gewagt haben.<br \/>\nCongrats to all teams in the awards and also to those, who were there &#8211; they all did a great job.<br \/>\nAND &#8211; our best thanks for the perfect organisation with great passion and commitment and all the helpers and the judges!!<\/p>\n<p>It was a pleasure to be here!<\/p>\n<div id='gallery-5' class='gallery galleryid-65 gallery-columns-2 gallery-size-thumbnail'><figure class='gallery-item'>\n\t\t\t<div class='gallery-icon landscape'>\n\t\t\t\t<a href='http:\/\/hp.powees.de\/?attachment_id=1498'><img loading=\"lazy\" decoding=\"async\" width=\"150\" height=\"150\" src=\"http:\/\/hp.powees.de\/wp-content\/uploads\/2017\/11\/20264802_1471685676244551_6504468093533967858_n-150x150.jpg\" class=\"attachment-thumbnail size-thumbnail\" alt=\"\" \/><\/a>\n\t\t\t<\/div><\/figure><figure class='gallery-item'>\n\t\t\t<div class='gallery-icon landscape'>\n\t\t\t\t<a href='http:\/\/hp.powees.de\/?attachment_id=282'><img loading=\"lazy\" decoding=\"async\" width=\"150\" height=\"150\" src=\"http:\/\/hp.powees.de\/wp-content\/uploads\/2017\/04\/20246205_1471685849577867_5626046774452616956_n-150x150.jpg\" class=\"attachment-thumbnail size-thumbnail\" alt=\"\" \/><\/a>\n\t\t\t<\/div><\/figure>\n\t\t<\/div>\n\n<p>&nbsp;<\/p>\n<hr>\n<p><span id=\"fbPhotoSnowliftCaption\" class=\"fbPhotosPhotoCaption\" tabindex=\"0\" data-ft=\"{\"><span class=\"hasCaption\"><strong>10. Mai 2017 Formwert in R\u00f6srath<\/strong><\/span><\/span><\/p>\n<p><strong>Blackthorn Wega<\/strong> &#8211; vorz\u00fcglich<\/p>\n<p>Ideale Gr\u00f6\u00dfe, femininer Kopf, mittelbraune Augen, vorz\u00fcglich getragener Behang, gute Ausstrahlung, vorz\u00fcgliches Geb\u00e4ude, korrekt in allen Teilen. Flotte Bewegung. Typisches Haarkleid und Wesen.<\/p>\n<div id='gallery-6' class='gallery galleryid-65 gallery-columns-3 gallery-size-thumbnail'><figure class='gallery-item'>\n\t\t\t<div class='gallery-icon portrait'>\n\t\t\t\t<a href='http:\/\/hp.powees.de\/?attachment_id=1500'><img loading=\"lazy\" decoding=\"async\" width=\"150\" height=\"150\" src=\"http:\/\/hp.powees.de\/wp-content\/uploads\/2017\/11\/18447652_1395618750517911_6054276103277045932_n-1-150x150.jpg\" class=\"attachment-thumbnail size-thumbnail\" alt=\"\" \/><\/a>\n\t\t\t<\/div><\/figure>\n\t\t<\/div>\n\n<p>&nbsp;<\/p>\n<hr>\n<p><strong><br \/>\n06. Mai 2017 WT Berg und Tal Open<\/strong><\/p>\n<p><strong>Blackthorn Merga &#8222;Mick&#8220;<\/strong> 2.Platz n. St. mit sehr gut<\/p>\n<p>So langsam wird es mir unheimlich, aber 2. Pl\u00e4tze haben was. <span class=\"_5mfr _47e3\"><img loading=\"lazy\" decoding=\"async\" class=\"img\" src=\"https:\/\/www.facebook.com\/images\/emoji.php\/v8\/f7f\/1\/16\/1f60a.png\" alt=\"\" width=\"16\" height=\"16\"><\/span><\/p>\n<div class=\"text_exposed_show\">\n<p><strong>Blackthorn Onni &#8222;Snatcher&#8220;<\/strong> mit Nicole auf den 9. Platz &#8211; super!<\/p>\n<div id='gallery-7' class='gallery galleryid-65 gallery-columns-3 gallery-size-thumbnail'><figure class='gallery-item'>\n\t\t\t<div class='gallery-icon landscape'>\n\t\t\t\t<a href='http:\/\/hp.powees.de\/?attachment_id=34'><img loading=\"lazy\" decoding=\"async\" width=\"150\" height=\"150\" src=\"http:\/\/hp.powees.de\/wp-content\/uploads\/2017\/04\/IMG_8006-150x150.jpg\" class=\"attachment-thumbnail size-thumbnail\" alt=\"\" \/><\/a>\n\t\t\t<\/div><\/figure>\n\t\t<\/div>\n\n<\/div>\n<p><strong>&nbsp;<\/strong><\/p>\n<hr>\n<p><strong><br \/>\n29. &amp; 30. April 2017 German Cup<\/strong><\/p>\n<p>Danke Jungs f\u00fcr ein geniales Wochenende <span class=\"_5mfr _47e3\"><img loading=\"lazy\" decoding=\"async\" class=\"img\" src=\"https:\/\/www.facebook.com\/images\/emoji.php\/v8\/f51\/1\/16\/1f603.png\" alt=\"\" width=\"16\" height=\"16\"><span class=\"_7oe\"> , welches mit dem <\/span><\/span>2. Platz und 504\/600 Punkten belohnt wird.<\/p>\n<div class=\"text_exposed_show\">\n<p><strong>Blackthorn Merga &#8222;Mick&#8220;, Limcreek Arielle und Int FtCh Blackthorn Misam &#8222;Wipey&#8220;<\/strong><\/p>\n<p>Zwei spannende Tage mit anspruchsvollen Aufgaben im Bayrischen Staatsforst waren das&#8230;..vielen Dank Achim und Rainer und unseren Hunden f\u00fcr ein w\u00fcndersch\u00f6nes Teamerlebnis. Es hat riesigen Spa\u00df gemacht <span class=\"_5mfr _47e3\"><img loading=\"lazy\" decoding=\"async\" class=\"img\" src=\"https:\/\/www.facebook.com\/images\/emoji.php\/v8\/f51\/1\/16\/1f603.png\" alt=\"\" width=\"16\" height=\"16\"><\/span><span class=\"_5mfr _47e3\"><img loading=\"lazy\" decoding=\"async\" class=\"img\" src=\"https:\/\/www.facebook.com\/images\/emoji.php\/v8\/f51\/1\/16\/1f603.png\" alt=\"\" width=\"16\" height=\"16\"><\/span>.<\/p>\n<p>Herzliche Gratulation den Gewinnern Herbert Barufe, Sybille Wasmuth und Simone Hahn und allen erfolgreichen Teams.<\/p>\n<p>Vielen Dank dem Orga Team f\u00fcr die perfekte Organisation, den unerm\u00fcdlichen Helfern f\u00fcr ihren Einsatz und den Richtern Heike Reichelt, Lynn Mitchell, Wayne Mitchell, Anders Carlsson, Frank Hermansen und Stefano Martinoli f\u00fcr tolle Aufgaben und ihr faires Richten.<\/p>\n<div id='gallery-8' class='gallery galleryid-65 gallery-columns-3 gallery-size-thumbnail'><figure class='gallery-item'>\n\t\t\t<div class='gallery-icon portrait'>\n\t\t\t\t<a href='http:\/\/hp.powees.de\/wp-content\/uploads\/2017\/04\/18193812_1386474964765623_109397977562662397_n.jpg'><img loading=\"lazy\" decoding=\"async\" width=\"150\" height=\"150\" src=\"http:\/\/hp.powees.de\/wp-content\/uploads\/2017\/04\/18193812_1386474964765623_109397977562662397_n-150x150.jpg\" class=\"attachment-thumbnail size-thumbnail\" alt=\"\" \/><\/a>\n\t\t\t<\/div><\/figure><figure class='gallery-item'>\n\t\t\t<div class='gallery-icon landscape'>\n\t\t\t\t<a href='http:\/\/hp.powees.de\/wp-content\/uploads\/2017\/04\/18193973_1386474934765626_4673032879513410071_n.jpg'><img loading=\"lazy\" decoding=\"async\" width=\"150\" height=\"150\" src=\"http:\/\/hp.powees.de\/wp-content\/uploads\/2017\/04\/18193973_1386474934765626_4673032879513410071_n-150x150.jpg\" class=\"attachment-thumbnail size-thumbnail\" alt=\"\" \/><\/a>\n\t\t\t<\/div><\/figure><figure class='gallery-item'>\n\t\t\t<div class='gallery-icon landscape'>\n\t\t\t\t<a href='http:\/\/hp.powees.de\/wp-content\/uploads\/2017\/04\/18198685_1386474931432293_6523199428093427039_n.jpg'><img loading=\"lazy\" decoding=\"async\" width=\"150\" height=\"150\" src=\"http:\/\/hp.powees.de\/wp-content\/uploads\/2017\/04\/18198685_1386474931432293_6523199428093427039_n-150x150.jpg\" class=\"attachment-thumbnail size-thumbnail\" alt=\"\" \/><\/a>\n\t\t\t<\/div><\/figure>\n\t\t<\/div>\n\n<\/div>\n<p><strong>&nbsp;<\/strong><\/p>\n<hr>\n<p><strong><br \/>\n22.April 2017 WT Szentgotthard&nbsp;<\/strong><\/p>\n<p><strong>Blackthorn Vox<\/strong><span class=\"text_exposed_show\"> belegt in der L-Class ein super 3. Place mit 74\/80 points, excellent<br \/>\nund wird Winner of the &#8222;Garagill Trophy&#8220;<br \/>\nPrice for the most promising dog in the L-Class <span class=\"_5mfr _47e3\"><img loading=\"lazy\" decoding=\"async\" class=\"img\" src=\"https:\/\/www.facebook.com\/images\/emoji.php\/v8\/f7f\/1\/16\/1f60a.png\" alt=\"\" width=\"16\" height=\"16\"><\/span><br \/>\n(Sponsored by Mr. <a class=\"profileLink\" href=\"https:\/\/www.facebook.com\/gordon.hodgson.14\" data-hovercard=\"\/ajax\/hovercard\/user.php?id=100003687628713\" data-hovercard-prefer-more-content-show=\"1\">Gordon Hodgson<\/a> &#8222;Garagill Gundogs&#8220; UK)<br \/>\nJudges: Frank Hermansen N and David Brown GB<\/span><\/p>\n<p>&nbsp;<\/p>\n<div id='gallery-9' class='gallery galleryid-65 gallery-columns-3 gallery-size-thumbnail'><figure class='gallery-item'>\n\t\t\t<div class='gallery-icon landscape'>\n\t\t\t\t<a href='http:\/\/hp.powees.de\/?attachment_id=257'><img loading=\"lazy\" decoding=\"async\" width=\"150\" height=\"150\" src=\"http:\/\/hp.powees.de\/wp-content\/uploads\/2017\/04\/17991238_1379414408805012_2826469862424765869_n-150x150.jpg\" class=\"attachment-thumbnail size-thumbnail\" alt=\"\" \/><\/a>\n\t\t\t<\/div><\/figure>\n\t\t<\/div>\n\n<hr>\n<p><strong><br \/>\n01. &amp; 02.April 2017 Little Forest Trophy <\/strong><\/p>\n<p>Was f\u00fcr ein tolles Event!<br \/>\nEin super organisierter Workingtest mit anspruchsvollen Aufgaben in einem sehr schwierigen Gel\u00e4nde. Herzlichen Dank an die Sonderleiter, den fairen Richtern und den gro\u00dfartigen Helfern, ohne die so eine Veranstaltung nicht stattfinden k\u00f6nnte.<\/p>\n<div class=\"text_exposed_show\">\n<p><strong>Blackthorn Merga (Mick)<\/strong> erreicht in der Open den 4. Platz nach einem spannenden Stechen im Dunkeln.<br \/>\n<strong>Blackthorn Onni (Snatcher)<\/strong> besteht mit Nicole seinen zweiten Open WT mit gut.<br \/>\n<strong>Blackthorn Vox und Blackthorn Wega<\/strong> mit Nicole bestehen ihrem ersten WT &#8211; A mit sehr gut und 87 und 84 Punkten. Ein gelungener Start f\u00fcr die Kleinen. So kann es weitergehen.<\/p>\n<div id='gallery-10' class='gallery galleryid-65 gallery-columns-2 gallery-size-medium'><figure class='gallery-item'>\n\t\t\t<div class='gallery-icon landscape'>\n\t\t\t\t<a href='http:\/\/hp.powees.de\/wp-content\/uploads\/2017\/04\/17796744_1360785304001256_3179605538633855494_n.jpg'><img loading=\"lazy\" decoding=\"async\" width=\"300\" height=\"200\" src=\"http:\/\/hp.powees.de\/wp-content\/uploads\/2017\/04\/17796744_1360785304001256_3179605538633855494_n-300x200.jpg\" class=\"attachment-medium size-medium\" alt=\"\" srcset=\"http:\/\/hp.powees.de\/wp-content\/uploads\/2017\/04\/17796744_1360785304001256_3179605538633855494_n-300x200.jpg 300w, http:\/\/hp.powees.de\/wp-content\/uploads\/2017\/04\/17796744_1360785304001256_3179605538633855494_n.jpg 525w\" sizes=\"auto, (max-width: 300px) 100vw, 300px\" \/><\/a>\n\t\t\t<\/div><\/figure><figure class='gallery-item'>\n\t\t\t<div class='gallery-icon landscape'>\n\t\t\t\t<a href='http:\/\/hp.powees.de\/wp-content\/uploads\/2017\/04\/IMG_6365.jpg'><img loading=\"lazy\" decoding=\"async\" width=\"300\" height=\"185\" src=\"http:\/\/hp.powees.de\/wp-content\/uploads\/2017\/04\/IMG_6365-300x185.jpg\" class=\"attachment-medium size-medium\" alt=\"\" srcset=\"http:\/\/hp.powees.de\/wp-content\/uploads\/2017\/04\/IMG_6365-300x185.jpg 300w, http:\/\/hp.powees.de\/wp-content\/uploads\/2017\/04\/IMG_6365-768x473.jpg 768w, http:\/\/hp.powees.de\/wp-content\/uploads\/2017\/04\/IMG_6365-1024x630.jpg 1024w\" sizes=\"auto, (max-width: 300px) 100vw, 300px\" \/><\/a>\n\t\t\t<\/div><\/figure><figure class='gallery-item'>\n\t\t\t<div class='gallery-icon landscape'>\n\t\t\t\t<a href='http:\/\/hp.powees.de\/wp-content\/uploads\/2017\/04\/IMG_7288.jpg'><img loading=\"lazy\" decoding=\"async\" width=\"300\" height=\"200\" src=\"http:\/\/hp.powees.de\/wp-content\/uploads\/2017\/04\/IMG_7288.jpg\" class=\"attachment-medium size-medium\" alt=\"\" \/><\/a>\n\t\t\t<\/div><\/figure><figure class='gallery-item'>\n\t\t\t<div class='gallery-icon landscape'>\n\t\t\t\t<a href='http:\/\/hp.powees.de\/wp-content\/uploads\/2017\/04\/IMG_7534.jpg'><img loading=\"lazy\" decoding=\"async\" width=\"300\" height=\"187\" src=\"http:\/\/hp.powees.de\/wp-content\/uploads\/2017\/04\/IMG_7534-300x187.jpg\" class=\"attachment-medium size-medium\" alt=\"\" srcset=\"http:\/\/hp.powees.de\/wp-content\/uploads\/2017\/04\/IMG_7534-300x187.jpg 300w, http:\/\/hp.powees.de\/wp-content\/uploads\/2017\/04\/IMG_7534-768x478.jpg 768w, http:\/\/hp.powees.de\/wp-content\/uploads\/2017\/04\/IMG_7534-1024x637.jpg 1024w\" sizes=\"auto, (max-width: 300px) 100vw, 300px\" \/><\/a>\n\t\t\t<\/div><\/figure>\n\t\t<\/div>\n\n<\/div>\n<p><strong>&nbsp;<\/strong><\/p>\n<hr>\n<p><strong>25.M\u00e4rz 2017<\/strong>: Ein sch\u00f6ner Saisonstart &#8211; herrliches Wetter&nbsp; und der Mock Trial der BZG Hannover<\/p>\n<p><strong>MT Novice &#8211; Blackthorn Onni &#8222;Snatcher&#8220; exc., 1. Platz<\/strong><\/p>\n<p><strong>MT Open &#8211; Blackthorn Merga &#8222;Mick&#8220; gut<\/strong><\/p>\n<div class=\"text_exposed_show\">\n<p>Es war ein sehr gelungener Tag, super organisiert von Eva Berg mit anspruchsvollen Aufgaben in einem sch\u00f6nen Gel\u00e4nde, fairen Richtern und netten Teilnehmern. Und die Jungs haben ihren Teil dazu beigetragen. Vielen Dank allen, die zum Gelingen dieses tollen Mock Trials beigetragen haben. Gerne wieder.<\/p>\n<div id='gallery-11' class='gallery galleryid-65 gallery-columns-2 gallery-size-medium'><figure class='gallery-item'>\n\t\t\t<div class='gallery-icon portrait'>\n\t\t\t\t<a href='http:\/\/hp.powees.de\/wp-content\/uploads\/2017\/04\/17499442_1352686844811102_5472780920200891834_n.jpg'><img loading=\"lazy\" decoding=\"async\" width=\"225\" height=\"300\" src=\"http:\/\/hp.powees.de\/wp-content\/uploads\/2017\/04\/17499442_1352686844811102_5472780920200891834_n-225x300.jpg\" class=\"attachment-medium size-medium\" alt=\"\" srcset=\"http:\/\/hp.powees.de\/wp-content\/uploads\/2017\/04\/17499442_1352686844811102_5472780920200891834_n-225x300.jpg 225w, http:\/\/hp.powees.de\/wp-content\/uploads\/2017\/04\/17499442_1352686844811102_5472780920200891834_n.jpg 261w\" sizes=\"auto, (max-width: 225px) 100vw, 225px\" \/><\/a>\n\t\t\t<\/div><\/figure><figure class='gallery-item'>\n\t\t\t<div class='gallery-icon landscape'>\n\t\t\t\t<a href='http:\/\/hp.powees.de\/wp-content\/uploads\/2017\/04\/IMG_7995.jpg'><img loading=\"lazy\" decoding=\"async\" width=\"300\" height=\"200\" src=\"http:\/\/hp.powees.de\/wp-content\/uploads\/2017\/04\/IMG_7995-300x200.jpg\" class=\"attachment-medium size-medium\" alt=\"\" srcset=\"http:\/\/hp.powees.de\/wp-content\/uploads\/2017\/04\/IMG_7995-300x200.jpg 300w, http:\/\/hp.powees.de\/wp-content\/uploads\/2017\/04\/IMG_7995-768x512.jpg 768w, http:\/\/hp.powees.de\/wp-content\/uploads\/2017\/04\/IMG_7995-1024x683.jpg 1024w\" sizes=\"auto, (max-width: 300px) 100vw, 300px\" \/><\/a>\n\t\t\t<\/div><\/figure>\n\t\t<\/div>\n\n<\/div>\n<p>&nbsp;<\/p>\n","protected":false},"excerpt":{"rendered":"<p>Merry X-mas and all the best for 2018. Wir w\u00fcnschen Euch sch\u00f6ne, entspannte Weihnachtstage und nur das Beste f\u00fcr das Neue Jahr 2018. &nbsp; &nbsp; 19. November 2017 ST. JOHN\u2018S Retrieverpr\u00fcfung in Gablingen Blackthorn Onni&hellip;<\/p>\n<p class=\"more-link-wrapper\"><a href=\"http:\/\/hp.powees.de\/?page_id=65\" class=\"more-link\">Continue Reading<span class=\"screen-reader-text\"> &#8222;News 2017&#8220;<\/span><\/a><\/p>\n","protected":false},"author":1,"featured_media":0,"parent":5176,"menu_order":1,"comment_status":"closed","ping_status":"closed","template":"","meta":{"_uag_custom_page_level_css":"","footnotes":""},"class_list":["post-65","page","type-page","status-publish","hentry"],"uagb_featured_image_src":{"full":false,"thumbnail":false,"medium":false,"medium_large":false,"large":false,"1536x1536":false,"2048x2048":false,"openness-recent":false},"uagb_author_info":{"display_name":"73234888","author_link":"http:\/\/hp.powees.de\/?author=1"},"uagb_comment_info":0,"uagb_excerpt":"Merry X-mas and all the best for 2018. Wir w\u00fcnschen Euch sch\u00f6ne, entspannte Weihnachtstage und nur das Beste f\u00fcr das Neue Jahr 2018. &nbsp; &nbsp; 19. November 2017 ST. JOHN\u2018S Retrieverpr\u00fcfung in Gablingen Blackthorn Onni&hellip;Continue Reading \"News 2017\"","_links":{"self":[{"href":"http:\/\/hp.powees.de\/index.php?rest_route=\/wp\/v2\/pages\/65","targetHints":{"allow":["GET"]}}],"collection":[{"href":"http:\/\/hp.powees.de\/index.php?rest_route=\/wp\/v2\/pages"}],"about":[{"href":"http:\/\/hp.powees.de\/index.php?rest_route=\/wp\/v2\/types\/page"}],"author":[{"embeddable":true,"href":"http:\/\/hp.powees.de\/index.php?rest_route=\/wp\/v2\/users\/1"}],"replies":[{"embeddable":true,"href":"http:\/\/hp.powees.de\/index.php?rest_route=%2Fwp%2Fv2%2Fcomments&post=65"}],"version-history":[{"count":34,"href":"http:\/\/hp.powees.de\/index.php?rest_route=\/wp\/v2\/pages\/65\/revisions"}],"predecessor-version":[{"id":4064,"href":"http:\/\/hp.powees.de\/index.php?rest_route=\/wp\/v2\/pages\/65\/revisions\/4064"}],"up":[{"embeddable":true,"href":"http:\/\/hp.powees.de\/index.php?rest_route=\/wp\/v2\/pages\/5176"}],"wp:attachment":[{"href":"http:\/\/hp.powees.de\/index.php?rest_route=%2Fwp%2Fv2%2Fmedia&parent=65"}],"curies":[{"name":"wp","href":"https:\/\/api.w.org\/{rel}","templated":true}]}}