{"id":6121,"date":"2024-07-06T06:51:09","date_gmt":"2024-07-06T06:51:09","guid":{"rendered":"http:\/\/hp.powees.de\/?page_id=6121"},"modified":"2025-12-03T21:01:28","modified_gmt":"2025-12-03T21:01:28","slug":"griffin","status":"publish","type":"page","link":"http:\/\/hp.powees.de\/?page_id=6121","title":{"rendered":"Griffin"},"content":{"rendered":"\n<p>\n<table id=\"tablepress-18\" class=\"tablepress tablepress-id-18 tbody-has-connected-cells\">\n<tbody>\n<tr class=\"row-1\">\n\t<td colspan=\"2\" class=\"column-1\"><strong>Griffin vom St\u00fcckstein<\/strong><\/td><td rowspan=\"5\" class=\"column-3\"><a href=\"http:\/\/hp.powees.de\/wp-content\/uploads\/2024\/07\/438741468_7494128957333496_7818929123556524615_n-Kopie-e1720249486869.jpg\"><img loading=\"lazy\" decoding=\"async\" src=\"http:\/\/hp.powees.de\/wp-content\/uploads\/2024\/07\/438741468_7494128957333496_7818929123556524615_n-Kopie-e1720249486869-212x300.jpg\" alt=\"\" width=\"212\" height=\"300\" class=\"alignnone size-medium wp-image-6134\" srcset=\"http:\/\/hp.powees.de\/wp-content\/uploads\/2024\/07\/438741468_7494128957333496_7818929123556524615_n-Kopie-e1720249486869-212x300.jpg 212w, http:\/\/hp.powees.de\/wp-content\/uploads\/2024\/07\/438741468_7494128957333496_7818929123556524615_n-Kopie-e1720249486869.jpg 634w\" sizes=\"auto, (max-width: 212px) 100vw, 212px\" \/><\/a><\/td>\n<\/tr>\n<tr class=\"row-2\">\n\t<td colspan=\"2\" class=\"column-1\">* 2.4.2021<\/td>\n<\/tr>\n<tr class=\"row-3\">\n\t<td class=\"column-1\">Mutter: Esra vom St\u00fcckstein<\/td><td class=\"column-2\"><\/td>\n<\/tr>\n<tr class=\"row-4\">\n\t<td class=\"column-1\">Vater: Blackthorn Merga <\/td><td class=\"column-2\"><\/td>\n<\/tr>\n<tr class=\"row-5\">\n\t<td class=\"column-1\"><strong><a href=\"https:\/\/db.drc.de\/adr\/ahnen\/ahnen1.php?zbnr=2125731&amp;race=Labrador-Retriever\" target=\"_blank\" rel=\"noopener noreferrer\">Ahnentafel <\/a><\/strong><\/td><td class=\"column-2\"><strong><a href=\"https:\/\/drc.de\/adr\/listen\/show_druede.php?what=Rueden&amp;rvid=159732&amp;race=Labrador-Retriever\" rel=\"noopener\" target=\"_blank\">DRC Datenblatt<\/a><\/strong><\/td>\n<\/tr>\n<tr class=\"row-6\">\n\t<td class=\"column-1\">HD<\/td><td class=\"column-2\">A1\/A1<\/td><td class=\"column-3\"><\/td>\n<\/tr>\n<tr class=\"row-7\">\n\t<td class=\"column-1\">ED<\/td><td class=\"column-2\">0\/0<\/td><td class=\"column-3\"><\/td>\n<\/tr>\n<tr class=\"row-8\">\n\t<td class=\"column-1\">OCD Schulter<\/td><td class=\"column-2\">frei<\/td><td rowspan=\"2\" class=\"column-3\"><\/td>\n<\/tr>\n<tr class=\"row-9\">\n\t<td class=\"column-1\">prcd-PRA<\/td><td class=\"column-2\">frei \u00fcber Erbgang<\/td>\n<\/tr>\n<tr class=\"row-10\">\n\t<td class=\"column-1\">CNM<\/td><td class=\"column-2\">frei \u00fcber Erbgang<\/td><td class=\"column-3\"><\/td>\n<\/tr>\n<tr class=\"row-11\">\n\t<td class=\"column-1\">EIC<\/td><td class=\"column-2\">frei \u00fcber Erbgang<\/td><td class=\"column-3\"><\/td>\n<\/tr>\n<tr class=\"row-12\">\n\t<td class=\"column-1\">SD2<\/td><td class=\"column-2\">frei \u00fcber Erbgang<\/td><td class=\"column-3\"><\/td>\n<\/tr>\n<tr class=\"row-13\">\n\t<td class=\"column-1\">HNPK<\/td><td class=\"column-2\">frei \u00fcber Erbgang<\/td><td class=\"column-3\"><\/td>\n<\/tr>\n<tr class=\"row-14\">\n\t<td class=\"column-1\">STGD<\/td><td class=\"column-2\">frei<\/td><td class=\"column-3\"><\/td>\n<\/tr>\n<\/tbody>\n<\/table>\n<!-- #tablepress-18 from cache --><br \/><br \/><strong>Pr\u00fcfungen:<\/strong> APD A, NCT&#8217;23, div.WTs F, GC\u00b425, div. WTs O<br \/>Mock Trial Novice 1. Platz, Mock Trial Open vorz\u00fcglich<br \/>BLP, Dr. Heraeus-Ged\u00e4chtnis-Pr\u00fcfung, ST.JOHN\u00b4s <span class=\"x193iq5w xeuugli x13faqbe x1vvkbs x1xmvt09 x1lliihq x1s928wv xhkezso x1gmr53x x1cpjm7i x1fgarty x1943h6x xudqn12 x3x7a5m x6prxxf xvq8zen xo1l8bm xzsf02u x1yc453h\" dir=\"auto\">1. Platz + CACT<\/span><\/p>\n<hr \/>\n<p><a href=\"http:\/\/hp.powees.de\/wp-content\/uploads\/2024\/07\/438102711_7494129030666822_5348280864216814775_n.jpg\"><img loading=\"lazy\" decoding=\"async\" class=\"alignnone wp-image-6122\" src=\"http:\/\/hp.powees.de\/wp-content\/uploads\/2024\/07\/438102711_7494129030666822_5348280864216814775_n-1024x576.jpg\" alt=\"\" width=\"1000\" height=\"563\" srcset=\"http:\/\/hp.powees.de\/wp-content\/uploads\/2024\/07\/438102711_7494129030666822_5348280864216814775_n-1024x576.jpg 1024w, http:\/\/hp.powees.de\/wp-content\/uploads\/2024\/07\/438102711_7494129030666822_5348280864216814775_n-300x169.jpg 300w, http:\/\/hp.powees.de\/wp-content\/uploads\/2024\/07\/438102711_7494129030666822_5348280864216814775_n-768x432.jpg 768w, http:\/\/hp.powees.de\/wp-content\/uploads\/2024\/07\/438102711_7494129030666822_5348280864216814775_n-1536x864.jpg 1536w, http:\/\/hp.powees.de\/wp-content\/uploads\/2024\/07\/438102711_7494129030666822_5348280864216814775_n.jpg 2048w\" sizes=\"auto, (max-width: 1000px) 100vw, 1000px\" \/><\/a><br \/><strong>Formwert: SG<\/strong><br \/>Gro\u00dfer R\u00fcde mit maskulinem Kopf, hellen Augen, sehr gut getragenem Behang, Nase etwas aufgehellt, ausdrucksvoll, sehr gute Anatomie, wenig Vorbrust, etwas lang, sehr gute Winkelungen, freier, fl\u00fcssiger Bewegungsablauf.<\/p>\n<p>Richter: Assenmacher-Feyel<\/p>\n<p><a href=\"http:\/\/hp.powees.de\/wp-content\/uploads\/2025\/03\/481923595_9321725927907114_946835011246307176_n.jpg\"><img loading=\"lazy\" decoding=\"async\" class=\"alignnone wp-image-6339 size-full\" src=\"http:\/\/hp.powees.de\/wp-content\/uploads\/2025\/03\/481923595_9321725927907114_946835011246307176_n.jpg\" alt=\"\" width=\"1000\" height=\"667\" srcset=\"http:\/\/hp.powees.de\/wp-content\/uploads\/2025\/03\/481923595_9321725927907114_946835011246307176_n.jpg 1000w, http:\/\/hp.powees.de\/wp-content\/uploads\/2025\/03\/481923595_9321725927907114_946835011246307176_n-300x200.jpg 300w, http:\/\/hp.powees.de\/wp-content\/uploads\/2025\/03\/481923595_9321725927907114_946835011246307176_n-768x512.jpg 768w\" sizes=\"auto, (max-width: 1000px) 100vw, 1000px\" \/><\/a> <a href=\"http:\/\/hp.powees.de\/wp-content\/uploads\/2025\/03\/482067302_9321725584573815_1230697126260507452_n.jpg\"><img loading=\"lazy\" decoding=\"async\" class=\"alignnone size-large wp-image-6340\" src=\"http:\/\/hp.powees.de\/wp-content\/uploads\/2025\/03\/482067302_9321725584573815_1230697126260507452_n.jpg\" alt=\"\" width=\"925\" height=\"617\" srcset=\"http:\/\/hp.powees.de\/wp-content\/uploads\/2025\/03\/482067302_9321725584573815_1230697126260507452_n.jpg 1000w, http:\/\/hp.powees.de\/wp-content\/uploads\/2025\/03\/482067302_9321725584573815_1230697126260507452_n-300x200.jpg 300w, http:\/\/hp.powees.de\/wp-content\/uploads\/2025\/03\/482067302_9321725584573815_1230697126260507452_n-768x512.jpg 768w\" sizes=\"auto, (max-width: 925px) 100vw, 925px\" \/><\/a> <a href=\"http:\/\/hp.powees.de\/wp-content\/uploads\/2025\/03\/WhatsApp-Bild-2025-03-09-um-15.09.23_6d011382.jpg\"><img loading=\"lazy\" decoding=\"async\" class=\"alignnone size-large wp-image-6341\" src=\"http:\/\/hp.powees.de\/wp-content\/uploads\/2025\/03\/WhatsApp-Bild-2025-03-09-um-15.09.23_6d011382.jpg\" alt=\"\" width=\"925\" height=\"617\" srcset=\"http:\/\/hp.powees.de\/wp-content\/uploads\/2025\/03\/WhatsApp-Bild-2025-03-09-um-15.09.23_6d011382.jpg 1000w, http:\/\/hp.powees.de\/wp-content\/uploads\/2025\/03\/WhatsApp-Bild-2025-03-09-um-15.09.23_6d011382-300x200.jpg 300w, http:\/\/hp.powees.de\/wp-content\/uploads\/2025\/03\/WhatsApp-Bild-2025-03-09-um-15.09.23_6d011382-768x512.jpg 768w\" sizes=\"auto, (max-width: 925px) 100vw, 925px\" \/><\/a> <a href=\"http:\/\/hp.powees.de\/wp-content\/uploads\/2025\/03\/481899880_9321725304573843_1082541579998922441_n.jpg\"><img loading=\"lazy\" decoding=\"async\" class=\"alignnone size-full wp-image-6347\" src=\"http:\/\/hp.powees.de\/wp-content\/uploads\/2025\/03\/481899880_9321725304573843_1082541579998922441_n.jpg\" alt=\"\" width=\"1000\" height=\"667\" srcset=\"http:\/\/hp.powees.de\/wp-content\/uploads\/2025\/03\/481899880_9321725304573843_1082541579998922441_n.jpg 1000w, http:\/\/hp.powees.de\/wp-content\/uploads\/2025\/03\/481899880_9321725304573843_1082541579998922441_n-300x200.jpg 300w, http:\/\/hp.powees.de\/wp-content\/uploads\/2025\/03\/481899880_9321725304573843_1082541579998922441_n-768x512.jpg 768w\" sizes=\"auto, (max-width: 1000px) 100vw, 1000px\" \/><\/a><\/p>\n","protected":false},"excerpt":{"rendered":"<p>Pr\u00fcfungen: APD A, NCT&#8217;23, div.WTs F, GC\u00b425, div. WTs OMock Trial Novice 1. Platz, Mock Trial Open vorz\u00fcglichBLP, Dr. Heraeus-Ged\u00e4chtnis-Pr\u00fcfung, ST.JOHN\u00b4s 1. Platz + CACT Formwert: SGGro\u00dfer R\u00fcde mit maskulinem Kopf, hellen Augen, sehr gut&hellip;<\/p>\n<p class=\"more-link-wrapper\"><a href=\"http:\/\/hp.powees.de\/?page_id=6121\" class=\"more-link\">Continue Reading<span class=\"screen-reader-text\"> &#8222;Griffin&#8220;<\/span><\/a><\/p>\n","protected":false},"author":1,"featured_media":0,"parent":0,"menu_order":0,"comment_status":"closed","ping_status":"closed","template":"","meta":{"_uag_custom_page_level_css":"","footnotes":""},"class_list":["post-6121","page","type-page","status-publish","hentry"],"uagb_featured_image_src":{"full":false,"thumbnail":false,"medium":false,"medium_large":false,"large":false,"1536x1536":false,"2048x2048":false,"openness-recent":false},"uagb_author_info":{"display_name":"73234888","author_link":"http:\/\/hp.powees.de\/?author=1"},"uagb_comment_info":0,"uagb_excerpt":"Pr\u00fcfungen: APD A, NCT&#8217;23, div.WTs F, GC\u00b425, div. WTs OMock Trial Novice 1. Platz, Mock Trial Open vorz\u00fcglichBLP, Dr. Heraeus-Ged\u00e4chtnis-Pr\u00fcfung, ST.JOHN\u00b4s 1. Platz + CACT Formwert: SGGro\u00dfer R\u00fcde mit maskulinem Kopf, hellen Augen, sehr gut&hellip;Continue Reading \"Griffin\"","_links":{"self":[{"href":"http:\/\/hp.powees.de\/index.php?rest_route=\/wp\/v2\/pages\/6121","targetHints":{"allow":["GET"]}}],"collection":[{"href":"http:\/\/hp.powees.de\/index.php?rest_route=\/wp\/v2\/pages"}],"about":[{"href":"http:\/\/hp.powees.de\/index.php?rest_route=\/wp\/v2\/types\/page"}],"author":[{"embeddable":true,"href":"http:\/\/hp.powees.de\/index.php?rest_route=\/wp\/v2\/users\/1"}],"replies":[{"embeddable":true,"href":"http:\/\/hp.powees.de\/index.php?rest_route=%2Fwp%2Fv2%2Fcomments&post=6121"}],"version-history":[{"count":19,"href":"http:\/\/hp.powees.de\/index.php?rest_route=\/wp\/v2\/pages\/6121\/revisions"}],"predecessor-version":[{"id":6631,"href":"http:\/\/hp.powees.de\/index.php?rest_route=\/wp\/v2\/pages\/6121\/revisions\/6631"}],"wp:attachment":[{"href":"http:\/\/hp.powees.de\/index.php?rest_route=%2Fwp%2Fv2%2Fmedia&parent=6121"}],"curies":[{"name":"wp","href":"https:\/\/api.w.org\/{rel}","templated":true}]}}