{"id":2583,"date":"2019-12-09T13:38:48","date_gmt":"2019-12-09T13:38:48","guid":{"rendered":"http:\/\/hp.powees.de\/?page_id=2583"},"modified":"2022-07-05T16:19:35","modified_gmt":"2022-07-05T16:19:35","slug":"powees-a-spot-of-merga-spot","status":"publish","type":"page","link":"http:\/\/hp.powees.de\/?page_id=2583","title":{"rendered":"Spot"},"content":{"rendered":"[table \u201c24\u201d not found \/]<br \/>\n\n<p><strong>Pr\u00fcfungen:<\/strong><\/p>\n<p>APD A, Workingtest A (1.Platz), APD F, Workingtest F, APD O, Workingtest O<\/p>\n<p><a href=\"http:\/\/hp.powees.de\/wp-content\/uploads\/2021\/11\/202.DE-2021-09-12-OstseeBettyNicole-Spot-wz-4.jpg\"><img loading=\"lazy\" decoding=\"async\" class=\"alignnone size-large wp-image-5127\" src=\"http:\/\/hp.powees.de\/wp-content\/uploads\/2021\/11\/202.DE-2021-09-12-OstseeBettyNicole-Spot-wz-4-1024x576.jpg\" alt=\"\" width=\"925\" height=\"520\" srcset=\"http:\/\/hp.powees.de\/wp-content\/uploads\/2021\/11\/202.DE-2021-09-12-OstseeBettyNicole-Spot-wz-4-1024x576.jpg 1024w, http:\/\/hp.powees.de\/wp-content\/uploads\/2021\/11\/202.DE-2021-09-12-OstseeBettyNicole-Spot-wz-4-300x169.jpg 300w, http:\/\/hp.powees.de\/wp-content\/uploads\/2021\/11\/202.DE-2021-09-12-OstseeBettyNicole-Spot-wz-4-768x432.jpg 768w, http:\/\/hp.powees.de\/wp-content\/uploads\/2021\/11\/202.DE-2021-09-12-OstseeBettyNicole-Spot-wz-4-1536x864.jpg 1536w, http:\/\/hp.powees.de\/wp-content\/uploads\/2021\/11\/202.DE-2021-09-12-OstseeBettyNicole-Spot-wz-4.jpg 2048w\" sizes=\"auto, (max-width: 925px) 100vw, 925px\" \/><\/a><\/p>\n<p><strong>Formwert: V<\/strong><\/p>\n<p><span class=\"d2edcug0 hpfvmrgz qv66sw1b c1et5uql lr9zc1uh a8c37x1j keod5gw0 nxhoafnm aigsh9s9 d3f4x2em fe6kdd0r mau55g9w c8b282yb iv3no6db jq4qci2q a3bd9o3v knj5qynh oo9gr5id hzawbc8m\" dir=\"auto\">Ideale Gr\u00f6\u00dfe, maskuliner Kopf, sehr ausdrucksvoll, dunkle Augen, vorz\u00fcglich getragener Behang, vorz\u00fcglich gebaut, korrekte Linien und Winkelungen. Bewegt sich vorz\u00fcglich<\/span>.<\/p>\n<p><a href=\"http:\/\/hp.powees.de\/wp-content\/uploads\/2021\/01\/136983138_670057197020854_5522980958401640024_n.jpg\"><img loading=\"lazy\" decoding=\"async\" class=\"alignnone wp-image-4000\" src=\"http:\/\/hp.powees.de\/wp-content\/uploads\/2021\/01\/136983138_670057197020854_5522980958401640024_n.jpg\" alt=\"\" width=\"760\" height=\"507\" srcset=\"http:\/\/hp.powees.de\/wp-content\/uploads\/2021\/01\/136983138_670057197020854_5522980958401640024_n.jpg 960w, http:\/\/hp.powees.de\/wp-content\/uploads\/2021\/01\/136983138_670057197020854_5522980958401640024_n-300x200.jpg 300w, http:\/\/hp.powees.de\/wp-content\/uploads\/2021\/01\/136983138_670057197020854_5522980958401640024_n-768x512.jpg 768w, http:\/\/hp.powees.de\/wp-content\/uploads\/2021\/01\/136983138_670057197020854_5522980958401640024_n-940x627.jpg 940w, http:\/\/hp.powees.de\/wp-content\/uploads\/2021\/01\/136983138_670057197020854_5522980958401640024_n-600x400.jpg 600w\" sizes=\"auto, (max-width: 760px) 100vw, 760px\" \/><\/a><\/p>\n<p><a href=\"http:\/\/hp.powees.de\/wp-content\/uploads\/2021\/11\/202.DE-2021-09-12-OstseeBettyNicole-Spot-wz-5.jpg\"><img loading=\"lazy\" decoding=\"async\" class=\"alignnone size-large wp-image-5128\" src=\"http:\/\/hp.powees.de\/wp-content\/uploads\/2021\/11\/202.DE-2021-09-12-OstseeBettyNicole-Spot-wz-5-1024x576.jpg\" alt=\"\" width=\"925\" height=\"520\" srcset=\"http:\/\/hp.powees.de\/wp-content\/uploads\/2021\/11\/202.DE-2021-09-12-OstseeBettyNicole-Spot-wz-5-1024x576.jpg 1024w, http:\/\/hp.powees.de\/wp-content\/uploads\/2021\/11\/202.DE-2021-09-12-OstseeBettyNicole-Spot-wz-5-300x169.jpg 300w, http:\/\/hp.powees.de\/wp-content\/uploads\/2021\/11\/202.DE-2021-09-12-OstseeBettyNicole-Spot-wz-5-768x432.jpg 768w, http:\/\/hp.powees.de\/wp-content\/uploads\/2021\/11\/202.DE-2021-09-12-OstseeBettyNicole-Spot-wz-5-1536x864.jpg 1536w, http:\/\/hp.powees.de\/wp-content\/uploads\/2021\/11\/202.DE-2021-09-12-OstseeBettyNicole-Spot-wz-5.jpg 2048w\" sizes=\"auto, (max-width: 925px) 100vw, 925px\" \/><\/a> <a href=\"http:\/\/hp.powees.de\/wp-content\/uploads\/2021\/11\/202.DE-2021-09-12-OstseeBettyNicole-Spot-wz-1.jpg\"><img loading=\"lazy\" decoding=\"async\" class=\"alignnone size-large wp-image-5126\" src=\"http:\/\/hp.powees.de\/wp-content\/uploads\/2021\/11\/202.DE-2021-09-12-OstseeBettyNicole-Spot-wz-1-1024x683.jpg\" alt=\"\" width=\"925\" height=\"617\" srcset=\"http:\/\/hp.powees.de\/wp-content\/uploads\/2021\/11\/202.DE-2021-09-12-OstseeBettyNicole-Spot-wz-1-1024x683.jpg 1024w, http:\/\/hp.powees.de\/wp-content\/uploads\/2021\/11\/202.DE-2021-09-12-OstseeBettyNicole-Spot-wz-1-300x200.jpg 300w, http:\/\/hp.powees.de\/wp-content\/uploads\/2021\/11\/202.DE-2021-09-12-OstseeBettyNicole-Spot-wz-1-768x512.jpg 768w, http:\/\/hp.powees.de\/wp-content\/uploads\/2021\/11\/202.DE-2021-09-12-OstseeBettyNicole-Spot-wz-1-1536x1025.jpg 1536w, http:\/\/hp.powees.de\/wp-content\/uploads\/2021\/11\/202.DE-2021-09-12-OstseeBettyNicole-Spot-wz-1.jpg 2048w\" sizes=\"auto, (max-width: 925px) 100vw, 925px\" \/><\/a> <a href=\"http:\/\/hp.powees.de\/wp-content\/uploads\/2021\/11\/202.DE-2021-09-12-OstseeBettyNicole-Spot-wz-10.jpg\"><img loading=\"lazy\" decoding=\"async\" class=\"alignnone size-large wp-image-5129\" src=\"http:\/\/hp.powees.de\/wp-content\/uploads\/2021\/11\/202.DE-2021-09-12-OstseeBettyNicole-Spot-wz-10-1024x576.jpg\" alt=\"\" width=\"925\" height=\"520\" srcset=\"http:\/\/hp.powees.de\/wp-content\/uploads\/2021\/11\/202.DE-2021-09-12-OstseeBettyNicole-Spot-wz-10-1024x576.jpg 1024w, http:\/\/hp.powees.de\/wp-content\/uploads\/2021\/11\/202.DE-2021-09-12-OstseeBettyNicole-Spot-wz-10-300x169.jpg 300w, http:\/\/hp.powees.de\/wp-content\/uploads\/2021\/11\/202.DE-2021-09-12-OstseeBettyNicole-Spot-wz-10-768x432.jpg 768w, http:\/\/hp.powees.de\/wp-content\/uploads\/2021\/11\/202.DE-2021-09-12-OstseeBettyNicole-Spot-wz-10-1536x864.jpg 1536w, http:\/\/hp.powees.de\/wp-content\/uploads\/2021\/11\/202.DE-2021-09-12-OstseeBettyNicole-Spot-wz-10.jpg 2048w\" sizes=\"auto, (max-width: 925px) 100vw, 925px\" \/><\/a><\/p>\n<p><a href=\"http:\/\/hp.powees.de\/wp-content\/uploads\/2021\/01\/138155639_266246868245480_8130944125972345832_n.jpg\"><img loading=\"lazy\" decoding=\"async\" class=\"alignnone wp-image-4037\" src=\"http:\/\/hp.powees.de\/wp-content\/uploads\/2021\/01\/138155639_266246868245480_8130944125972345832_n.jpg\" alt=\"\" width=\"760\" height=\"507\" srcset=\"http:\/\/hp.powees.de\/wp-content\/uploads\/2021\/01\/138155639_266246868245480_8130944125972345832_n.jpg 828w, http:\/\/hp.powees.de\/wp-content\/uploads\/2021\/01\/138155639_266246868245480_8130944125972345832_n-300x200.jpg 300w, http:\/\/hp.powees.de\/wp-content\/uploads\/2021\/01\/138155639_266246868245480_8130944125972345832_n-768x512.jpg 768w, http:\/\/hp.powees.de\/wp-content\/uploads\/2021\/01\/138155639_266246868245480_8130944125972345832_n-600x400.jpg 600w\" sizes=\"auto, (max-width: 760px) 100vw, 760px\" \/><\/a><\/p>\n<p><a href=\"http:\/\/hp.powees.de\/wp-content\/uploads\/2021\/01\/SpotAction045.png\"><img loading=\"lazy\" decoding=\"async\" class=\"alignnone size-large wp-image-3924\" src=\"http:\/\/hp.powees.de\/wp-content\/uploads\/2021\/01\/SpotAction045-1024x622.png\" alt=\"\" width=\"760\" height=\"462\" srcset=\"http:\/\/hp.powees.de\/wp-content\/uploads\/2021\/01\/SpotAction045-1024x622.png 1024w, http:\/\/hp.powees.de\/wp-content\/uploads\/2021\/01\/SpotAction045-300x182.png 300w, http:\/\/hp.powees.de\/wp-content\/uploads\/2021\/01\/SpotAction045-768x467.png 768w, http:\/\/hp.powees.de\/wp-content\/uploads\/2021\/01\/SpotAction045-2048x1244.png 2048w, http:\/\/hp.powees.de\/wp-content\/uploads\/2021\/01\/SpotAction045-940x571.png 940w, http:\/\/hp.powees.de\/wp-content\/uploads\/2021\/01\/SpotAction045-659x400.png 659w\" sizes=\"auto, (max-width: 760px) 100vw, 760px\" \/><\/a><\/p>\n<p><a href=\"http:\/\/hp.powees.de\/wp-content\/uploads\/2021\/01\/SpotAction050-e1610216983228.png\"><img loading=\"lazy\" decoding=\"async\" class=\"alignnone size-large wp-image-3929\" src=\"http:\/\/hp.powees.de\/wp-content\/uploads\/2021\/01\/SpotAction050-e1610216983228-1024x589.png\" alt=\"\" width=\"760\" height=\"437\" srcset=\"http:\/\/hp.powees.de\/wp-content\/uploads\/2021\/01\/SpotAction050-e1610216983228-1024x589.png 1024w, http:\/\/hp.powees.de\/wp-content\/uploads\/2021\/01\/SpotAction050-e1610216983228-300x173.png 300w, http:\/\/hp.powees.de\/wp-content\/uploads\/2021\/01\/SpotAction050-e1610216983228-768x442.png 768w, http:\/\/hp.powees.de\/wp-content\/uploads\/2021\/01\/SpotAction050-e1610216983228-2048x1178.png 2048w, http:\/\/hp.powees.de\/wp-content\/uploads\/2021\/01\/SpotAction050-e1610216983228-940x541.png 940w, http:\/\/hp.powees.de\/wp-content\/uploads\/2021\/01\/SpotAction050-e1610216983228-695x400.png 695w\" sizes=\"auto, (max-width: 760px) 100vw, 760px\" \/><\/a><\/p>\n<p><a href=\"http:\/\/hp.powees.de\/wp-content\/uploads\/2020\/11\/Versuch6.png\"><img loading=\"lazy\" decoding=\"async\" class=\"alignnone size-large wp-image-3592\" src=\"http:\/\/hp.powees.de\/wp-content\/uploads\/2020\/11\/Versuch6-1024x633.png\" alt=\"\" width=\"760\" height=\"470\" srcset=\"http:\/\/hp.powees.de\/wp-content\/uploads\/2020\/11\/Versuch6-1024x633.png 1024w, http:\/\/hp.powees.de\/wp-content\/uploads\/2020\/11\/Versuch6-300x185.png 300w, http:\/\/hp.powees.de\/wp-content\/uploads\/2020\/11\/Versuch6-768x475.png 768w, http:\/\/hp.powees.de\/wp-content\/uploads\/2020\/11\/Versuch6-2048x1266.png 2048w, http:\/\/hp.powees.de\/wp-content\/uploads\/2020\/11\/Versuch6-940x581.png 940w, http:\/\/hp.powees.de\/wp-content\/uploads\/2020\/11\/Versuch6-647x400.png 647w\" sizes=\"auto, (max-width: 760px) 100vw, 760px\" \/><\/a><\/p>\n<p><a href=\"http:\/\/hp.powees.de\/wp-content\/uploads\/2019\/12\/IMG_7417-1-scaled.jpg\"><img loading=\"lazy\" decoding=\"async\" class=\"alignnone size-large wp-image-2769\" src=\"http:\/\/hp.powees.de\/wp-content\/uploads\/2019\/12\/IMG_7417-1-1024x625.jpg\" alt=\"\" width=\"760\" height=\"464\" srcset=\"http:\/\/hp.powees.de\/wp-content\/uploads\/2019\/12\/IMG_7417-1-1024x625.jpg 1024w, http:\/\/hp.powees.de\/wp-content\/uploads\/2019\/12\/IMG_7417-1-300x183.jpg 300w, http:\/\/hp.powees.de\/wp-content\/uploads\/2019\/12\/IMG_7417-1-768x468.jpg 768w, http:\/\/hp.powees.de\/wp-content\/uploads\/2019\/12\/IMG_7417-1-1536x937.jpg 1536w, http:\/\/hp.powees.de\/wp-content\/uploads\/2019\/12\/IMG_7417-1-2048x1249.jpg 2048w, http:\/\/hp.powees.de\/wp-content\/uploads\/2019\/12\/IMG_7417-1-940x573.jpg 940w, http:\/\/hp.powees.de\/wp-content\/uploads\/2019\/12\/IMG_7417-1-656x400.jpg 656w\" sizes=\"auto, (max-width: 760px) 100vw, 760px\" \/><\/a><\/p>\n","protected":false},"excerpt":{"rendered":"<p>Pr\u00fcfungen: APD A, Workingtest A (1.Platz), APD F, Workingtest F, APD O, Workingtest O Formwert: V Ideale Gr\u00f6\u00dfe, maskuliner Kopf, sehr ausdrucksvoll, dunkle Augen, vorz\u00fcglich getragener Behang, vorz\u00fcglich gebaut, korrekte Linien und Winkelungen. Bewegt sich&hellip;<\/p>\n<p class=\"more-link-wrapper\"><a href=\"http:\/\/hp.powees.de\/?page_id=2583\" class=\"more-link\">Continue Reading<span class=\"screen-reader-text\"> &#8222;Spot&#8220;<\/span><\/a><\/p>\n","protected":false},"author":1,"featured_media":0,"parent":0,"menu_order":0,"comment_status":"closed","ping_status":"closed","template":"","meta":{"_uag_custom_page_level_css":"","footnotes":""},"class_list":["post-2583","page","type-page","status-publish","hentry"],"uagb_featured_image_src":{"full":false,"thumbnail":false,"medium":false,"medium_large":false,"large":false,"1536x1536":false,"2048x2048":false,"openness-recent":false},"uagb_author_info":{"display_name":"73234888","author_link":"http:\/\/hp.powees.de\/?author=1"},"uagb_comment_info":0,"uagb_excerpt":"Pr\u00fcfungen: APD A, Workingtest A (1.Platz), APD F, Workingtest F, APD O, Workingtest O Formwert: V Ideale Gr\u00f6\u00dfe, maskuliner Kopf, sehr ausdrucksvoll, dunkle Augen, vorz\u00fcglich getragener Behang, vorz\u00fcglich gebaut, korrekte Linien und Winkelungen. Bewegt sich&hellip;Continue Reading \"Spot\"","_links":{"self":[{"href":"http:\/\/hp.powees.de\/index.php?rest_route=\/wp\/v2\/pages\/2583","targetHints":{"allow":["GET"]}}],"collection":[{"href":"http:\/\/hp.powees.de\/index.php?rest_route=\/wp\/v2\/pages"}],"about":[{"href":"http:\/\/hp.powees.de\/index.php?rest_route=\/wp\/v2\/types\/page"}],"author":[{"embeddable":true,"href":"http:\/\/hp.powees.de\/index.php?rest_route=\/wp\/v2\/users\/1"}],"replies":[{"embeddable":true,"href":"http:\/\/hp.powees.de\/index.php?rest_route=%2Fwp%2Fv2%2Fcomments&post=2583"}],"version-history":[{"count":23,"href":"http:\/\/hp.powees.de\/index.php?rest_route=\/wp\/v2\/pages\/2583\/revisions"}],"predecessor-version":[{"id":5340,"href":"http:\/\/hp.powees.de\/index.php?rest_route=\/wp\/v2\/pages\/2583\/revisions\/5340"}],"wp:attachment":[{"href":"http:\/\/hp.powees.de\/index.php?rest_route=%2Fwp%2Fv2%2Fmedia&parent=2583"}],"curies":[{"name":"wp","href":"https:\/\/api.w.org\/{rel}","templated":true}]}}