{"id":2,"date":"2016-05-10T03:48:21","date_gmt":"2016-05-10T03:48:21","guid":{"rendered":"http:\/\/hp.powees.de\/?page_id=2"},"modified":"2025-01-23T22:44:31","modified_gmt":"2025-01-23T22:44:31","slug":"sample-page","status":"publish","type":"page","link":"http:\/\/hp.powees.de\/?page_id=2","title":{"rendered":"Impressum"},"content":{"rendered":"<p style=\"text-align: center;\">Betty Schwieren &amp; Nicole Clouth &#8211; Gr\u00e4fin von Spee<\/p>\n<p style=\"text-align: center;\">51789 Lindlar<br \/>\nEmail: <a href=\"mailto:betty.schwieren@t-online.de\"><i>betty.schwieren@t-online.de<\/i><\/a><\/p>\n<p style=\"text-align: center;\"><a href=\"http:\/\/hp.powees.de\/?page_id=6299\"><b>Datenschutzerkl\u00e4rung hier zu finden<\/b><\/a><\/p>\n<p>Urheberrecht:<br \/>\nDie Inhalte von der Seite http:\/\/www.powees.de sind urheberrechtlich gesch\u00fctzt. Ohne ausdr\u00fcckliche vorherige schriftliche Genehmigung ist es nicht gestattet, diese Webseite oder ihre Teile zu reproduzieren, durch\u00a0elektronische Speichermedien zu verbreiten oder zu verarbeiten.<\/p>\n<p style=\"text-align: center;\"><b>Fotos: <\/b><a href=\"http:\/\/www.fotografie-anna-auerbach.de\/\" target=\"_blank\" rel=\"noopener\">Anna Auerbach<\/a>, <a href=\"https:\/\/202.de\/\" target=\"_blank\" rel=\"noopener\">Thore Brockhoff<\/a>, Ruth Benger, <span class=\"_5yl5\">Oda Lipowsky<\/span>, Helene Leimer und privat<b><br \/>\n<\/b><\/p>\n<p style=\"text-align: center;\"><b>Haftungshinweis:<\/b><br \/>\nTrotz sorgf\u00e4ltiger inhaltlicher Kontrolle \u00fcbernehmen wir keine Haftung f\u00fcr die Inhalte externer Links. F\u00fcr den Inhalt der verlinkten Seiten sind ausschlie\u00dflich deren Betreiber verantwortlich. Alle Angaben k\u00f6nnen ohne vorherige\u00a0Ank\u00fcndigung erg\u00e4nzt, entfernt oder ge\u00e4ndert werden.<\/p>\n","protected":false},"excerpt":{"rendered":"<p>Betty Schwieren &amp; Nicole Clouth &#8211; Gr\u00e4fin von Spee 51789 Lindlar Email: betty.schwieren@t-online.de Datenschutzerkl\u00e4rung hier zu finden Urheberrecht: Die Inhalte von der Seite http:\/\/www.powees.de sind urheberrechtlich gesch\u00fctzt. Ohne ausdr\u00fcckliche vorherige schriftliche Genehmigung ist es nicht&hellip;<\/p>\n<p class=\"more-link-wrapper\"><a href=\"http:\/\/hp.powees.de\/?page_id=2\" class=\"more-link\">Continue Reading<span class=\"screen-reader-text\"> &#8222;Impressum&#8220;<\/span><\/a><\/p>\n","protected":false},"author":1,"featured_media":0,"parent":0,"menu_order":9,"comment_status":"closed","ping_status":"open","template":"","meta":{"_uag_custom_page_level_css":"","footnotes":""},"class_list":["post-2","page","type-page","status-publish","hentry"],"uagb_featured_image_src":{"full":false,"thumbnail":false,"medium":false,"medium_large":false,"large":false,"1536x1536":false,"2048x2048":false,"openness-recent":false},"uagb_author_info":{"display_name":"73234888","author_link":"http:\/\/hp.powees.de\/?author=1"},"uagb_comment_info":0,"uagb_excerpt":"Betty Schwieren &amp; Nicole Clouth &#8211; Gr\u00e4fin von Spee 51789 Lindlar Email: betty.schwieren@t-online.de Datenschutzerkl\u00e4rung hier zu finden Urheberrecht: Die Inhalte von der Seite http:\/\/www.powees.de sind urheberrechtlich gesch\u00fctzt. Ohne ausdr\u00fcckliche vorherige schriftliche Genehmigung ist es nicht&hellip;Continue Reading \"Impressum\"","_links":{"self":[{"href":"http:\/\/hp.powees.de\/index.php?rest_route=\/wp\/v2\/pages\/2","targetHints":{"allow":["GET"]}}],"collection":[{"href":"http:\/\/hp.powees.de\/index.php?rest_route=\/wp\/v2\/pages"}],"about":[{"href":"http:\/\/hp.powees.de\/index.php?rest_route=\/wp\/v2\/types\/page"}],"author":[{"embeddable":true,"href":"http:\/\/hp.powees.de\/index.php?rest_route=\/wp\/v2\/users\/1"}],"replies":[{"embeddable":true,"href":"http:\/\/hp.powees.de\/index.php?rest_route=%2Fwp%2Fv2%2Fcomments&post=2"}],"version-history":[{"count":16,"href":"http:\/\/hp.powees.de\/index.php?rest_route=\/wp\/v2\/pages\/2\/revisions"}],"predecessor-version":[{"id":6305,"href":"http:\/\/hp.powees.de\/index.php?rest_route=\/wp\/v2\/pages\/2\/revisions\/6305"}],"wp:attachment":[{"href":"http:\/\/hp.powees.de\/index.php?rest_route=%2Fwp%2Fv2%2Fmedia&parent=2"}],"curies":[{"name":"wp","href":"https:\/\/api.w.org\/{rel}","templated":true}]}}