{"id":1674,"date":"2018-09-03T11:59:36","date_gmt":"2018-09-03T11:59:36","guid":{"rendered":"http:\/\/hp.powees.de\/?page_id=1674"},"modified":"2024-04-16T08:34:40","modified_gmt":"2024-04-16T08:34:40","slug":"red","status":"publish","type":"page","link":"http:\/\/hp.powees.de\/?page_id=1674","title":{"rendered":"Red"},"content":{"rendered":"\n<table id=\"tablepress-14\" class=\"tablepress tablepress-id-14 tbody-has-connected-cells\">\n<tbody>\n<tr class=\"row-1\">\n\t<td colspan=\"2\" class=\"column-1\">Blackthorn A Red Devil *Red*<\/td><td class=\"column-3\"><\/td>\n<\/tr>\n<tr class=\"row-2\">\n\t<td colspan=\"2\" class=\"column-1\">* 14.04.2016<\/td><td rowspan=\"4\" class=\"column-3\"><img loading=\"lazy\" decoding=\"async\" src=\"http:\/\/hp.powees.de\/wp-content\/uploads\/2019\/06\/65174030_321360945480201_6149011824785227776_n2-300x200.jpg\" alt=\"\" width=\"300\" height=\"200\" class=\"alignnone size-medium wp-image-2233\" srcset=\"http:\/\/hp.powees.de\/wp-content\/uploads\/2019\/06\/65174030_321360945480201_6149011824785227776_n2-300x200.jpg 300w, http:\/\/hp.powees.de\/wp-content\/uploads\/2019\/06\/65174030_321360945480201_6149011824785227776_n2-768x512.jpg 768w, http:\/\/hp.powees.de\/wp-content\/uploads\/2019\/06\/65174030_321360945480201_6149011824785227776_n2-1024x683.jpg 1024w, http:\/\/hp.powees.de\/wp-content\/uploads\/2019\/06\/65174030_321360945480201_6149011824785227776_n2-940x627.jpg 940w, http:\/\/hp.powees.de\/wp-content\/uploads\/2019\/06\/65174030_321360945480201_6149011824785227776_n2-600x400.jpg 600w, http:\/\/hp.powees.de\/wp-content\/uploads\/2019\/06\/65174030_321360945480201_6149011824785227776_n2.jpg 2048w\" sizes=\"auto, (max-width: 300px) 100vw, 300px\" \/><\/td>\n<\/tr>\n<tr class=\"row-3\">\n\t<td class=\"column-1\">Mutter: Blackthorn Kallisto<\/td><td class=\"column-2\"><\/td>\n<\/tr>\n<tr class=\"row-4\">\n\t<td class=\"column-1\">Vater: Caper Cailie's Art<\/td><td class=\"column-2\"><\/td>\n<\/tr>\n<tr class=\"row-5\">\n\t<td class=\"column-1\"><strong><a href=\"http:\/\/db.drc.de\/adr\/ahnen\/ahnen1.php?zbnr=1822169&amp;race=Labrador-Retriever\" target=\"_blank\" rel=\"noopener\">Ahnentafel <\/a><\/strong><\/td><td class=\"column-2\"><a href=\"https:\/\/drc.de\/adr\/listen\/show_druede.php?what=Hunde&amp;rvid=144097&amp;race=Labrador-Retriever\" rel=\"noopener\" target=\"_blank\">DRC Datenblatt<\/a><\/td>\n<\/tr>\n<tr class=\"row-6\">\n\t<td class=\"column-1\">HD<\/td><td class=\"column-2\">B<\/td><td class=\"column-3\"><\/td>\n<\/tr>\n<tr class=\"row-7\">\n\t<td class=\"column-1\">ED<\/td><td class=\"column-2\">0\/0<\/td><td class=\"column-3\"><\/td>\n<\/tr>\n<tr class=\"row-8\">\n\t<td class=\"column-1\">OCD Schulter<\/td><td class=\"column-2\">frei<\/td><td rowspan=\"2\" class=\"column-3\"><\/td>\n<\/tr>\n<tr class=\"row-9\">\n\t<td class=\"column-1\">prcd-PRA<\/td><td class=\"column-2\">Tr\u00e4ger<\/td>\n<\/tr>\n<tr class=\"row-10\">\n\t<td class=\"column-1\">CNM<\/td><td class=\"column-2\">frei \u00fcber Erbgang<\/td><td class=\"column-3\"><\/td>\n<\/tr>\n<tr class=\"row-11\">\n\t<td class=\"column-1\">EIC<\/td><td class=\"column-2\">frei<\/td><td class=\"column-3\"><\/td>\n<\/tr>\n<tr class=\"row-12\">\n\t<td class=\"column-1\">SD2<\/td><td class=\"column-2\">frei \u00fcber Erbgang<\/td><td class=\"column-3\"><\/td>\n<\/tr>\n<tr class=\"row-13\">\n\t<td class=\"column-1\">HNPK<\/td><td class=\"column-2\">frei<\/td><td class=\"column-3\"><\/td>\n<\/tr>\n<tr class=\"row-14\">\n\t<td class=\"column-1\">Stargardt<\/td><td class=\"column-2\">frei<\/td><td rowspan=\"2\" class=\"column-3\"><\/td>\n<\/tr>\n<tr class=\"row-15\">\n\t<td class=\"column-1\"><a href=\"http:\/\/hp.powees.de\/?page_id=4522\">Galerie<\/a><\/td><td class=\"column-2\"><\/td>\n<\/tr>\n<\/tbody>\n<\/table>\n<!-- #tablepress-14 from cache -->\n<p><strong>Pr\u00fcfungen:<\/strong><\/p>\n<p>APD A, NCT `18, div. Workingtests F, Team F\/O Workingtest <br \/>BLP, APD O (1.Platz), Workingtest O, GC\u201922 (4.Platz), IWT 2022, <br \/>GC\u00b423 (7.Platz), IWT 2023, GC\u00b424<br \/>Mock-Trial(O), ST. JOHN\u2018S Retrieverpr\u00fcfung<\/p>\n<p><img loading=\"lazy\" decoding=\"async\" class=\"alignnone size-large wp-image-2102\" src=\"http:\/\/hp.powees.de\/wp-content\/uploads\/2019\/04\/AO1I8432-1024x683.jpg\" alt=\"\" width=\"760\" height=\"507\" srcset=\"http:\/\/hp.powees.de\/wp-content\/uploads\/2019\/04\/AO1I8432-1024x683.jpg 1024w, http:\/\/hp.powees.de\/wp-content\/uploads\/2019\/04\/AO1I8432-300x200.jpg 300w, http:\/\/hp.powees.de\/wp-content\/uploads\/2019\/04\/AO1I8432-768x512.jpg 768w, http:\/\/hp.powees.de\/wp-content\/uploads\/2019\/04\/AO1I8432-940x627.jpg 940w, http:\/\/hp.powees.de\/wp-content\/uploads\/2019\/04\/AO1I8432-600x400.jpg 600w, http:\/\/hp.powees.de\/wp-content\/uploads\/2019\/04\/AO1I8432.jpg 1500w\" sizes=\"auto, (max-width: 760px) 100vw, 760px\" \/><\/p>\n<p><strong>Formwert: SG<\/strong><\/p>\n<p>Ideale Gr\u00f6\u00dfe, femininer Kopf, etwas leicht, dunkle Augen, Nase aufgehellt, guter Ausdruck, sehr gut getragener Behang, sehr gut gebaut, etwas lang, fester R\u00fccken, runde Kruppe, sehr gute untere Linie u. Winkelungen, bewegt sich gut.<\/p>\n<p>Richter: Assenmacher-Feyel<\/p>\n<p><a href=\"http:\/\/hp.powees.de\/wp-content\/uploads\/2021\/11\/202.DE-2021-09-12-OstseeBettyNicole-Red-wz-3.jpg\"><img loading=\"lazy\" decoding=\"async\" class=\"alignnone size-large wp-image-5123\" src=\"http:\/\/hp.powees.de\/wp-content\/uploads\/2021\/11\/202.DE-2021-09-12-OstseeBettyNicole-Red-wz-3-1024x683.jpg\" alt=\"\" width=\"925\" height=\"617\" srcset=\"http:\/\/hp.powees.de\/wp-content\/uploads\/2021\/11\/202.DE-2021-09-12-OstseeBettyNicole-Red-wz-3-1024x683.jpg 1024w, http:\/\/hp.powees.de\/wp-content\/uploads\/2021\/11\/202.DE-2021-09-12-OstseeBettyNicole-Red-wz-3-300x200.jpg 300w, http:\/\/hp.powees.de\/wp-content\/uploads\/2021\/11\/202.DE-2021-09-12-OstseeBettyNicole-Red-wz-3-768x512.jpg 768w, http:\/\/hp.powees.de\/wp-content\/uploads\/2021\/11\/202.DE-2021-09-12-OstseeBettyNicole-Red-wz-3-1536x1024.jpg 1536w, http:\/\/hp.powees.de\/wp-content\/uploads\/2021\/11\/202.DE-2021-09-12-OstseeBettyNicole-Red-wz-3.jpg 2048w\" sizes=\"auto, (max-width: 925px) 100vw, 925px\" \/><\/a><br \/><a href=\"http:\/\/hp.powees.de\/wp-content\/uploads\/2021\/11\/202.DE-2021-09-12-OstseeBettyNicole-Red-wz-1.jpg\"><img loading=\"lazy\" decoding=\"async\" class=\"alignnone size-large wp-image-5122\" src=\"http:\/\/hp.powees.de\/wp-content\/uploads\/2021\/11\/202.DE-2021-09-12-OstseeBettyNicole-Red-wz-1-1024x683.jpg\" alt=\"\" width=\"925\" height=\"617\" srcset=\"http:\/\/hp.powees.de\/wp-content\/uploads\/2021\/11\/202.DE-2021-09-12-OstseeBettyNicole-Red-wz-1-1024x683.jpg 1024w, http:\/\/hp.powees.de\/wp-content\/uploads\/2021\/11\/202.DE-2021-09-12-OstseeBettyNicole-Red-wz-1-300x200.jpg 300w, http:\/\/hp.powees.de\/wp-content\/uploads\/2021\/11\/202.DE-2021-09-12-OstseeBettyNicole-Red-wz-1-768x512.jpg 768w, http:\/\/hp.powees.de\/wp-content\/uploads\/2021\/11\/202.DE-2021-09-12-OstseeBettyNicole-Red-wz-1-1536x1025.jpg 1536w, http:\/\/hp.powees.de\/wp-content\/uploads\/2021\/11\/202.DE-2021-09-12-OstseeBettyNicole-Red-wz-1.jpg 1727w\" sizes=\"auto, (max-width: 925px) 100vw, 925px\" \/><\/a><br \/><a href=\"http:\/\/hp.powees.de\/wp-content\/uploads\/2021\/11\/202.DE-2021-09-12-OstseeBettyNicole-Red-wz-5.jpg\"><img loading=\"lazy\" decoding=\"async\" class=\"alignnone size-large wp-image-5124\" src=\"http:\/\/hp.powees.de\/wp-content\/uploads\/2021\/11\/202.DE-2021-09-12-OstseeBettyNicole-Red-wz-5-1024x683.jpg\" alt=\"\" width=\"925\" height=\"617\" srcset=\"http:\/\/hp.powees.de\/wp-content\/uploads\/2021\/11\/202.DE-2021-09-12-OstseeBettyNicole-Red-wz-5-1024x683.jpg 1024w, http:\/\/hp.powees.de\/wp-content\/uploads\/2021\/11\/202.DE-2021-09-12-OstseeBettyNicole-Red-wz-5-300x200.jpg 300w, http:\/\/hp.powees.de\/wp-content\/uploads\/2021\/11\/202.DE-2021-09-12-OstseeBettyNicole-Red-wz-5-768x512.jpg 768w, http:\/\/hp.powees.de\/wp-content\/uploads\/2021\/11\/202.DE-2021-09-12-OstseeBettyNicole-Red-wz-5-1536x1025.jpg 1536w, http:\/\/hp.powees.de\/wp-content\/uploads\/2021\/11\/202.DE-2021-09-12-OstseeBettyNicole-Red-wz-5.jpg 2048w\" sizes=\"auto, (max-width: 925px) 100vw, 925px\" \/><\/a><br \/><a href=\"http:\/\/hp.powees.de\/wp-content\/uploads\/2021\/11\/202.DE-2021-09-12-OstseeBettyNicole-Red-wz-7.jpg\"><img loading=\"lazy\" decoding=\"async\" class=\"alignnone size-large wp-image-5125\" src=\"http:\/\/hp.powees.de\/wp-content\/uploads\/2021\/11\/202.DE-2021-09-12-OstseeBettyNicole-Red-wz-7-1024x683.jpg\" alt=\"\" width=\"925\" height=\"617\" srcset=\"http:\/\/hp.powees.de\/wp-content\/uploads\/2021\/11\/202.DE-2021-09-12-OstseeBettyNicole-Red-wz-7-1024x683.jpg 1024w, http:\/\/hp.powees.de\/wp-content\/uploads\/2021\/11\/202.DE-2021-09-12-OstseeBettyNicole-Red-wz-7-300x200.jpg 300w, http:\/\/hp.powees.de\/wp-content\/uploads\/2021\/11\/202.DE-2021-09-12-OstseeBettyNicole-Red-wz-7-768x512.jpg 768w, http:\/\/hp.powees.de\/wp-content\/uploads\/2021\/11\/202.DE-2021-09-12-OstseeBettyNicole-Red-wz-7-1536x1024.jpg 1536w, http:\/\/hp.powees.de\/wp-content\/uploads\/2021\/11\/202.DE-2021-09-12-OstseeBettyNicole-Red-wz-7.jpg 2048w\" sizes=\"auto, (max-width: 925px) 100vw, 925px\" \/><\/a><\/p>\n<p><img loading=\"lazy\" decoding=\"async\" class=\"alignnone wp-image-2112 size-large\" src=\"http:\/\/hp.powees.de\/wp-content\/uploads\/2019\/04\/Red-1024x683.jpg\" alt=\"\" width=\"760\" height=\"507\" srcset=\"http:\/\/hp.powees.de\/wp-content\/uploads\/2019\/04\/Red-1024x683.jpg 1024w, http:\/\/hp.powees.de\/wp-content\/uploads\/2019\/04\/Red-300x200.jpg 300w, http:\/\/hp.powees.de\/wp-content\/uploads\/2019\/04\/Red-768x512.jpg 768w, http:\/\/hp.powees.de\/wp-content\/uploads\/2019\/04\/Red-940x627.jpg 940w, http:\/\/hp.powees.de\/wp-content\/uploads\/2019\/04\/Red-600x400.jpg 600w\" sizes=\"auto, (max-width: 760px) 100vw, 760px\" \/><\/p>\n<figure id=\"attachment_3159\" aria-describedby=\"caption-attachment-3159\" style=\"width: 667px\" class=\"wp-caption alignnone\"><a href=\"http:\/\/hp.powees.de\/wp-content\/uploads\/2020\/04\/IMGv-143.jpg\"><img loading=\"lazy\" decoding=\"async\" class=\"wp-image-3159 size-full\" src=\"http:\/\/hp.powees.de\/wp-content\/uploads\/2020\/04\/IMGv-143.jpg\" alt=\"\" width=\"667\" height=\"1000\" srcset=\"http:\/\/hp.powees.de\/wp-content\/uploads\/2020\/04\/IMGv-143.jpg 667w, http:\/\/hp.powees.de\/wp-content\/uploads\/2020\/04\/IMGv-143-200x300.jpg 200w, http:\/\/hp.powees.de\/wp-content\/uploads\/2020\/04\/IMGv-143-267x400.jpg 267w\" sizes=\"auto, (max-width: 667px) 100vw, 667px\" \/><\/a><figcaption id=\"caption-attachment-3159\" class=\"wp-caption-text\">Red mit Tochter Bruni<\/figcaption><\/figure>\n<p><a href=\"http:\/\/hp.powees.de\/wp-content\/uploads\/2020\/11\/IMG_7529-scaled.jpg\"><img loading=\"lazy\" decoding=\"async\" class=\"alignnone size-large wp-image-3571\" src=\"http:\/\/hp.powees.de\/wp-content\/uploads\/2020\/11\/IMG_7529-1024x683.jpg\" alt=\"\" width=\"760\" height=\"507\" srcset=\"http:\/\/hp.powees.de\/wp-content\/uploads\/2020\/11\/IMG_7529-1024x683.jpg 1024w, http:\/\/hp.powees.de\/wp-content\/uploads\/2020\/11\/IMG_7529-300x200.jpg 300w, http:\/\/hp.powees.de\/wp-content\/uploads\/2020\/11\/IMG_7529-768x512.jpg 768w, http:\/\/hp.powees.de\/wp-content\/uploads\/2020\/11\/IMG_7529-2048x1365.jpg 2048w, http:\/\/hp.powees.de\/wp-content\/uploads\/2020\/11\/IMG_7529-940x627.jpg 940w, http:\/\/hp.powees.de\/wp-content\/uploads\/2020\/11\/IMG_7529-600x400.jpg 600w\" sizes=\"auto, (max-width: 760px) 100vw, 760px\" \/><\/a><\/p>\n<p>Red mit Sohn Brimstone<\/p>\n\n\n<p><\/p>\n","protected":false},"excerpt":{"rendered":"<p>Pr\u00fcfungen: APD A, NCT `18, div. Workingtests F, Team F\/O Workingtest BLP, APD O (1.Platz), Workingtest O, GC\u201922 (4.Platz), IWT 2022, GC\u00b423 (7.Platz), IWT 2023, GC\u00b424Mock-Trial(O), ST. JOHN\u2018S Retrieverpr\u00fcfung Formwert: SG Ideale Gr\u00f6\u00dfe, femininer Kopf,&hellip;<\/p>\n<p class=\"more-link-wrapper\"><a href=\"http:\/\/hp.powees.de\/?page_id=1674\" class=\"more-link\">Continue Reading<span class=\"screen-reader-text\"> &#8222;Red&#8220;<\/span><\/a><\/p>\n","protected":false},"author":1,"featured_media":0,"parent":73,"menu_order":0,"comment_status":"closed","ping_status":"closed","template":"","meta":{"_uag_custom_page_level_css":"","footnotes":""},"class_list":["post-1674","page","type-page","status-publish","hentry"],"uagb_featured_image_src":{"full":false,"thumbnail":false,"medium":false,"medium_large":false,"large":false,"1536x1536":false,"2048x2048":false,"openness-recent":false},"uagb_author_info":{"display_name":"73234888","author_link":"http:\/\/hp.powees.de\/?author=1"},"uagb_comment_info":0,"uagb_excerpt":"Pr\u00fcfungen: APD A, NCT `18, div. Workingtests F, Team F\/O Workingtest BLP, APD O (1.Platz), Workingtest O, GC\u201922 (4.Platz), IWT 2022, GC\u00b423 (7.Platz), IWT 2023, GC\u00b424Mock-Trial(O), ST. JOHN\u2018S Retrieverpr\u00fcfung Formwert: SG Ideale Gr\u00f6\u00dfe, femininer Kopf,&hellip;Continue Reading \"Red\"","_links":{"self":[{"href":"http:\/\/hp.powees.de\/index.php?rest_route=\/wp\/v2\/pages\/1674","targetHints":{"allow":["GET"]}}],"collection":[{"href":"http:\/\/hp.powees.de\/index.php?rest_route=\/wp\/v2\/pages"}],"about":[{"href":"http:\/\/hp.powees.de\/index.php?rest_route=\/wp\/v2\/types\/page"}],"author":[{"embeddable":true,"href":"http:\/\/hp.powees.de\/index.php?rest_route=\/wp\/v2\/users\/1"}],"replies":[{"embeddable":true,"href":"http:\/\/hp.powees.de\/index.php?rest_route=%2Fwp%2Fv2%2Fcomments&post=1674"}],"version-history":[{"count":27,"href":"http:\/\/hp.powees.de\/index.php?rest_route=\/wp\/v2\/pages\/1674\/revisions"}],"predecessor-version":[{"id":6083,"href":"http:\/\/hp.powees.de\/index.php?rest_route=\/wp\/v2\/pages\/1674\/revisions\/6083"}],"up":[{"embeddable":true,"href":"http:\/\/hp.powees.de\/index.php?rest_route=\/wp\/v2\/pages\/73"}],"wp:attachment":[{"href":"http:\/\/hp.powees.de\/index.php?rest_route=%2Fwp%2Fv2%2Fmedia&parent=1674"}],"curies":[{"name":"wp","href":"https:\/\/api.w.org\/{rel}","templated":true}]}}